{"id":1777,"date":"2020-07-24T07:11:47","date_gmt":"2020-07-24T07:11:47","guid":{"rendered":"https:\/\/www.tks3d.com\/?page_id=3"},"modified":"2026-04-01T08:53:54","modified_gmt":"2026-04-01T06:53:54","slug":"politica-de-privacidad","status":"publish","type":"page","link":"https:\/\/craftjw.com\/es\/politica-de-privacidad\/","title":{"rendered":"Pol\u00edtica de privacidad"},"content":{"rendered":"\n<h3 class=\"wp-block-heading\" id=\"reglamento-europeo-de-proteccion-de-datos-rgpd\">Reglamento europeo de protecci\u00f3n de datos (RGPD)<\/h3>\n\n\n\n<p>Te informamos expresamente de que este apartado est\u00e1 dirigido exclusivamente al tratamiento de datos que Emmanuel Kielichowski (en adelante KIEMMI) realizar\u00e1 sobre los datos personales facilitados por medio de la presente web, que se incorporar\u00e1n a los archivos que te indicaremos de conformidad con lo establecido en la legislaci\u00f3n vigente en materia de protecci\u00f3n de datos de car\u00e1cter personal (REGLAMENTO (UE) 2016\/679 DEL PARLAMENTO EUROPEO Y DEL CONSEJO de 27 de abril de 2016 relativo a la protecci\u00f3n de las personas f\u00edsicas en lo que respecta al tratamiento de datos personales y a la libre circulaci\u00f3n de estos datos, con entrada en vigor el d\u00eda 25 de mayo de 2018, en adelante, RGPD, as\u00ed como la legislaci\u00f3n espa\u00f1ola que la desarrolle).<\/p>\n\n\n\n<h3 class=\"wp-block-heading\" id=\"conceptos\">Conceptos<\/h3>\n\n\n\n<p>Definiciones que emplearemos en esta Pol\u00edtica de Privacidad:<\/p>\n\n\n\n<ul class=\"wp-block-list\"><li>KIEMMI: La persona Emmanuel Kielichowski titular de este sitio web.<\/li><li>WEB: Hace referencia al presente sitio web (www.kiemmi.com).<\/li><li>USUARIO WEB: Usuario de la web www.kiemmi.com<\/li><li>CLIENTE: Usuario que ha contratado los servicios de KIEMMI.<\/li><li>PARTNER: Colaborador de KIEMMI.<\/li><\/ul>\n\n\n\n<h3 class=\"wp-block-heading\" id=\"responsable-del-tratamiento-de-los-datos-personales\">Responsable del tratamiento de los datos personales<\/h3>\n\n\n\n<p>El titular del sitio web www.kiemmi.com es Emmanuel Kielichowski, con NIE: X2878559V, domicilio social: C\/ Claveles, 4 &#8211; 12600 Vall de Ux\u00f3, Castell\u00f3n, y con email: info@kiemmi.com<\/p>\n\n\n\n<p>En cumplimiento de lo establecido en la RGPD, te informamos que los datos suministrados, as\u00ed como aquellos datos derivados de tu navegaci\u00f3n, ser\u00e1n tratados y protegidos por KIEMI, como responsable del tratamiento de los datos personales, y tratados para la finalidad de atender tu solicitud y el mantenimiento de la relaci\u00f3n que se establezca en el contrato que suscribas o hayas suscrito con nosotros.<\/p>\n\n\n\n<h3 class=\"wp-block-heading\" id=\"principios-que-aplicamos-en-el-tratamiento-de-datos-personales\">Principios que aplicamos en el tratamiento de datos personales<\/h3>\n\n\n\n<p>De conformidad con lo establecido en el Cap\u00edtulo II del RGPD, y los c\u00f3digos de conducta en tratamiento de datos personales, en nuestra empresa y procedimientos, aplicamos los siguientes principios en el tratamiento de datos personales para preservar los derechos y libertades de los usuarios:<\/p>\n\n\n\n<ul class=\"wp-block-list\"><li><strong>Datos m\u00ednimos:<\/strong>&nbsp;Obtendremos y trataremos \u00fanicamente los datos m\u00ednimos imprescindibles para cada finalidad y categor\u00eda de afectados en el tratamiento.<\/li><li><strong>Licitud y transparencia:<\/strong> En el tratamiento de los datos, siempre contamos con legitimaci\u00f3n para su uso: el cliente nos ha contratado, el usuario ha facilitado los datos en la pesta\u00f1a de contacto, etc, y en todos los casos, ha formalizado el contrato, u otorgado el consentimiento. Y siempre para las finalidades que te indicamos en este documento.<\/li><li><strong>Limitaci\u00f3n en el plazo de conservaci\u00f3n:<\/strong>&nbsp;Conservaremos los datos durante el tiempo m\u00ednimo imprescindible, a no ser que antes nos solicites la cancelaci\u00f3n de los mismos.<\/li><li><strong>Confidencialidad e integridad:<\/strong>&nbsp;Garantizamos las medidas de seguridad adecuada de los datos personales y su confidencialidad.<\/li><\/ul>\n\n\n\n<h3 class=\"wp-block-heading\" id=\"veracidad-y-exactitud-de-los-datos-personales-facilitados\">Veracidad y exactitud de los datos personales facilitados<\/h3>\n\n\n\n<p>El USUARIO WEB, CLIENTE o PARTNER, cuyos datos ser\u00e1n tratados por la empresa, garantiza que los datos facilitados son veraces y exactos.<\/p>\n\n\n\n<p>En caso de haber facilitado datos personales de otra persona, garantizas que esa persona te ha autorizado y consentido para facilitarnos estos datos, y que se hace cargo de todas las responsabilidades que se deriven del uso y tratamiento de esos datos, si no contara con dicha autorizaci\u00f3n.<\/p>\n\n\n\n<p>Ten en cuenta que t\u00fa eres la \u00fanica fuente de informaci\u00f3n en lo referente a tus datos personales, por lo que te agradecemos que, a fin de mantenerlos actualizados y puestos al d\u00eda en todo momento de acuerdo con los principios del Cap\u00edtulo II del RGPD, le comuniques a nuestro responsable del tratamiento cualquier variaci\u00f3n de los mismos enviando un correo electr\u00f3nico a la direcci\u00f3n info@kiemmi.com.<\/p>\n\n\n\n<p>En cualquier momento, la persona afectada podr\u00e1 modificar o cancelar los datos facilitados, de conformidad con los derechos de Acceso, Rectificaci\u00f3n, Cancelaci\u00f3n, Oposici\u00f3n, Limitaci\u00f3n y Portabilidad.<\/p>\n\n\n\n<h3 class=\"wp-block-heading\" id=\"menores-de-edad\">Menores de edad<\/h3>\n\n\n\n<p>La web www.kiemmi.com no se dirige a menores de edad. Todos los USUARIOS WEB, CLIENTES o PARTNERS de la web y de los servicios ofrecidos deben ser mayores de edad. En caso de serlo, el contrato entre KIEMMI, y dicho usuario o cliente ser\u00e1 nulo, y en cualquier caso, nos eximimos de cualquier responsabilidad que pudiera derivarse del incumplimiento de este requisito.<\/p>\n\n\n\n<h3 class=\"wp-block-heading\" id=\"encargados-del-tratamiento\">Encargados del tratamiento<\/h3>\n\n\n\n<p>KIEMMI precisa de colaboradores para determinados servicios. Cuando en la prestaci\u00f3n de esos servicios, estas otras empresas van a hacer un tratamiento de datos, la ley los denomina Encargados del tratamiento de datos.<\/p>\n\n\n\n<p>Para proporcionar nuestros servicios, usamos como subcontratistas a proveedores externos dentro de la UE \/ EEE que cumplen con todas las obligaciones y todos los requisitos de esta pol\u00edtica de privacidad.<\/p>\n\n\n\n<p>A continuaci\u00f3n se listan dichos proveedores:<\/p>\n\n\n\n<ul class=\"wp-block-list\"><li>Clouding: Servicio de servidores<\/li><\/ul>\n\n\n\n<p>Por lo anterior, garantizamos que \u00e9stos y otros subcontratistas que se puedan usar en el futuro, satisfacen y satisfar\u00e1n cumple con todas las obligaciones y todos los requisitos de esta pol\u00edtica de privacidad.<\/p>\n\n\n\n<h3 class=\"wp-block-heading\" id=\"cesion-de-datos\">Cesi\u00f3n de datos<\/h3>\n\n\n\n<p>Te garantizamos que nosotros no cederemos el uso de tus datos a terceros para que te remitan publicidad, y \u00fanicamente cederemos tus datos a los responsables de tratamiento que hemos indicado en el punto anterior, y s\u00f3lo para las finalidades indicadas en cada caso.<\/p>\n\n\n\n<p>Por tanto, conforme estipula el art\u00edculo 13.1 apartado a) del RGPD, KIEMMI, no comparte los datos ni por tanto tiene destinatario de los mismos.<\/p>\n\n\n\n<h3 class=\"wp-block-heading\" id=\"derechos-en-el-tratamiento-de-datos-personales\">Derechos en el tratamiento de datos personales<\/h3>\n\n\n\n<p>En cumplimiento de lo dispuesto en el RGPD, podr\u00e1s dirigirte en cualquier momento a KIEMMI, como responsable del tratamiento de datos, en la secci\u00f3n <strong>Responsable del tratamiento de los datos personales<\/strong> de esta pol\u00edtica de privacidad, para poder ejercitar los derechos de acceso, rectificaci\u00f3n, supresi\u00f3n, oposici\u00f3n, portabilidad y retirada de consentimiento de sus datos personales incorporados en nuestros ficheros.<\/p>\n\n\n\n<p>A- \u200bDerecho a solicitar el acceso a los datos personales: podr\u00e1s consultarnos si estamos tratando tus datos, qu\u00e9 concretos datos, de donde los hemos obtenido, etc. Art\u00edculo 15 del RGPD.<\/p>\n\n\n\n<p>B- Derecho a solicitar su rectificaci\u00f3n (en caso de que no sean correctos) o supresi\u00f3n (cuando los datos personales ya no sean necesarios en relaci\u00f3n con los fines para los que fueron recogidos). Art\u00edculo 16 RGPD.<\/p>\n\n\n\n<p>C- Derecho a solicitar la limitaci\u00f3n o cancelaci\u00f3n de su tratamiento, en cuyo caso \u00fanicamente ser\u00e1n conservados por nosotros para el ejercicio o la defensa de reclamaciones. Art\u00edculo 17 y 18.<\/p>\n\n\n\n<p>D- Derecho a oponerse al tratamiento: Nosotros dejaremos de tratar los datos en la forma que indiques, salvo que por motivos leg\u00edtimos se tengan que seguir tratando. Art\u00edculo 21.<\/p>\n\n\n\n<p>E- Derecho a la portabilidad de los datos: en caso de que quieras que tus datos sean tratados por otra empresa, nosotros te facilitaremos la portabilidad de sus datos a cualquier otra empresa que nos indique en un formato estructurado, inteligible y automatizado. Art\u00edculo 20.<\/p>\n\n\n\n<p>Estos derechos son personal\u00edsimos y ser\u00e1n ejercidos por el interesado, a no ser que otorgue apoderamiento suficiente a otra persona. La respuesta al ejercicio de alguno de estos derechos se har\u00e1 efectiva por el Responsable de tratamiento de datos dentro de los diez d\u00edas siguientes al de la recepci\u00f3n de la solicitud. En el supuesto de que el Responsable de tratamiento de datos considere que no procede acceder a lo solicitado, se lo comunicar\u00e1 motivadamente y dentro del plazo se\u00f1alado en este apartado.<\/p>\n\n\n\n<p>Si consideras que hay un problema con la forma en la que estamos manejando sus datos y no quedas satisfecho por la respuesta a su solicitud, podr\u00e1s dirigir tus reclamaciones a la Agencia Espa\u00f1ola de Protecci\u00f3n de Datos la indicada en el caso de Espa\u00f1a. (www.agpd.es). Asimismo, podr\u00e1s reclamar ante la autoridad judicial competente en caso de considerarlo oportuno.<\/p>\n\n\n\n<h3 class=\"wp-block-heading\" id=\"tiempo-de-conservacion-de-los-datos\">Tiempo de conservaci\u00f3n de los datos<\/h3>\n\n\n\n<p>Conforme a la obligaci\u00f3n indicada en el art\u00edculo 13.2.a) del RGPD, le indicamos los plazos de conservaci\u00f3n de los datos personales en cada caso:<\/p>\n\n\n\n<p>Los datos personales que trata KIEMMI ser\u00e1n conservados hasta que tanto el USUARIO WEB, CLIENTE o PARTNER nos comunique su voluntad de cancelar los datos que se est\u00e1n tratando.<\/p>\n\n\n\n<h3 class=\"wp-block-heading\" id=\"secreto-y-seguridad-de-los-datos\">Secreto y seguridad de los datos<\/h3>\n\n\n\n<p>Conforme a las estipulaciones establecidas en el art\u00edculo 32 del RGPD, KIEMMIte informa de que tiene implantadas las medidas de seguridad de \u00edndole t\u00e9cnica y organizativas necesarias para evitar todos los riesgos inherentes a las actividades y servicios realizados por la empresa, y garantizar la seguridad de tus datos de car\u00e1cter personal y evitar su alteraci\u00f3n, p\u00e9rdida y tratamiento y\/o acceso no autorizado, habida cuenta del estado de la tecnolog\u00eda, la naturaleza de los datos almacenados y los riesgos a que est\u00e1n expuestos, ya provengan de la acci\u00f3n humana o del medio f\u00edsico o natural, supervisando, controlando y evaluando continuamente los procesos establecidos para asegurar el respeto a la privacidad de tus datos. Estos datos son recabados del usuario utilizando HTTPS (HyperText Transfer Protocol Secure), protocolo de seguridad que permite la transmisi\u00f3n de datos de modo encriptado entre el servidor de la p\u00e1gina web y el usuario, y viceversa.<\/p>\n\n\n\n<p>KIEMMI ha realizado un An\u00e1lisis de Riesgos en el tratamiento de los Datos Personales, y cuenta con la capacidad de garantizar la confidencialidad, integridad, disponibilidad y resiliencia permanentes de los sistemas y servicios de tratamiento; la capacidad de restaurar la disponibilidad y el acceso a los datos personales de forma r\u00e1pida en caso de incidente f\u00edsico o t\u00e9cnico; y con un proceso de verificaci\u00f3n, evaluaci\u00f3n y valoraci\u00f3n peri\u00f3dicos de la eficacia de las medidas t\u00e9cnicas y organizativas para garantizar la seguridad del tratamiento.<\/p>\n\n\n\n<p>De conformidad con los art\u00edculos 33 y 34 del RGPD, KIEMMI garantiza que en caso de que exista la m\u00ednima brecha en los sistemas que pueda suponer la violaci\u00f3n de la seguridad de los datos personales, el responsable del tratamiento la notificar\u00e1 a la Agencia Espa\u00f1ola de Protecci\u00f3n de Datos y a los interesados afectados, en el plazo m\u00e1ximo de 72 horas.<\/p>\n\n\n\n<h3 class=\"wp-block-heading\" id=\"hipervinculos\">Hiperv\u00ednculos<\/h3>\n\n\n\n<p>Pese a que podamos incluir en nuestro sitio web links a otros sitios que no son operados o controlados por KIEMMI, ten en cuenta que no podemos ni garantizar ni nos hacemos responsables de la licitud, fiabilidad, utilidad, veracidad y actualidad de sus contenidos de tales sitios web, por lo que antes de proporcionar tu informaci\u00f3n personal a estos sitios web ajenos a KIEMMI, revisa sus pr\u00e1cticas de privacidad y ten en cuenta que pueden diferir de las nuestras.<\/p>\n\n\n\n<h3 class=\"wp-block-heading\" id=\"usuarios-y-accesos-restringidos\">Usuarios y accesos restringidos<\/h3>\n\n\n\n<p>Para entrar en las \u00e1reas de acceso restringido los usuarios deber\u00e1n disponer de las claves de acceso correspondientes.<br>KIEMMI se reserva el derecho de aceptar o rechazar libremente la solicitud de registro de cualquier usuario. Los datos introducidos por los usuarios deber\u00e1n ser exactos, actuales y veraces y ser\u00e1n procesados y tratados en cumplimiento de la legislaci\u00f3n vigente en materia de protecci\u00f3n de datos personales.<\/p>\n\n\n\n<p>Los usuarios ser\u00e1n responsables en todo caso de la custodia de sus claves de acceso, por lo que ser\u00e1n de su exclusiva responsabilidad cualesquiera da\u00f1os y perjuicios que pudieran derivarse de un uso indebido de la misma, as\u00ed como de su extrav\u00edo o cualquier otra circunstancia que pudiera suponer un riesgo de acceso de utilizaci\u00f3n de la misma por terceros no autorizados. Los usuarios deber\u00e1n comunicarlo inmediatamente a la direcci\u00f3n de contacto de KIEMMI para que procedamos al bloqueo y a la sustituci\u00f3n de las mismas.<\/p>\n\n\n\n<h3 class=\"wp-block-heading\" id=\"cambios-en-la-politica-de-privacidad\">Cambios en la pol\u00edtica de privacidad<\/h3>\n\n\n\n<p>KIEMMI se reserva el derecho a modificar su Pol\u00edtica de Privacidad, de acuerdo a su propio criterio o motivado por un cambio legislativo, jurisprudencial o doctrinal de la Agencia Espa\u00f1ola de Protecci\u00f3n de Datos. Cualquier modificaci\u00f3n de la Pol\u00edtica de Privacidad ser\u00e1 advertida en nuestra p\u00e1gina.<\/p>\n","protected":false},"excerpt":{"rendered":"<p>Reglamento europeo de protecci\u00f3n de datos (RGPD) Te informamos expresamente de que este apartado est\u00e1 dirigido exclusivamente al tratamiento de [&hellip;]<\/p>\n","protected":false},"author":4,"featured_media":0,"parent":0,"menu_order":0,"comment_status":"closed","ping_status":"closed","template":"","meta":{"_seopress_robots_primary_cat":"0","_seopress_titles_title":"","_seopress_titles_desc":"","_seopress_robots_index":"yes","site-sidebar-layout":"default","site-content-layout":"","ast-site-content-layout":"default","site-content-style":"default","site-sidebar-style":"default","ast-global-header-display":"","ast-banner-title-visibility":"","ast-main-header-display":"","ast-hfb-above-header-display":"","ast-hfb-below-header-display":"","ast-hfb-mobile-header-display":"","site-post-title":"","ast-breadcrumbs-content":"","ast-featured-img":"","footer-sml-layout":"","ast-disable-related-posts":"","theme-transparent-header-meta":"","adv-header-id-meta":"","stick-header-meta":"","header-above-stick-meta":"","header-main-stick-meta":"","header-below-stick-meta":"","astra-migrate-meta-layouts":"default","ast-page-background-enabled":"default","ast-page-background-meta":{"desktop":{"background-color":"var(--ast-global-color-5)","background-image":"","background-repeat":"repeat","background-position":"center center","background-size":"auto","background-attachment":"scroll","background-type":"","background-media":"","overlay-type":"","overlay-color":"","overlay-opacity":"","overlay-gradient":""},"tablet":{"background-color":"","background-image":"","background-repeat":"repeat","background-position":"center center","background-size":"auto","background-attachment":"scroll","background-type":"","background-media":"","overlay-type":"","overlay-color":"","overlay-opacity":"","overlay-gradient":""},"mobile":{"background-color":"","background-image":"","background-repeat":"repeat","background-position":"center center","background-size":"auto","background-attachment":"scroll","background-type":"","background-media":"","overlay-type":"","overlay-color":"","overlay-opacity":"","overlay-gradient":""}},"ast-content-background-meta":{"desktop":{"background-color":"var(--ast-global-color-4)","background-image":"","background-repeat":"repeat","background-position":"center center","background-size":"auto","background-attachment":"scroll","background-type":"","background-media":"","overlay-type":"","overlay-color":"","overlay-opacity":"","overlay-gradient":""},"tablet":{"background-color":"var(--ast-global-color-4)","background-image":"","background-repeat":"repeat","background-position":"center center","background-size":"auto","background-attachment":"scroll","background-type":"","background-media":"","overlay-type":"","overlay-color":"","overlay-opacity":"","overlay-gradient":""},"mobile":{"background-color":"var(--ast-global-color-4)","background-image":"","background-repeat":"repeat","background-position":"center center","background-size":"auto","background-attachment":"scroll","background-type":"","background-media":"","overlay-type":"","overlay-color":"","overlay-opacity":"","overlay-gradient":""}},"footnotes":""},"class_list":["post-1777","page","type-page","status-publish","hentry"],"_links":{"self":[{"href":"https:\/\/craftjw.com\/es\/wp-json\/wp\/v2\/pages\/1777","targetHints":{"allow":["GET"]}}],"collection":[{"href":"https:\/\/craftjw.com\/es\/wp-json\/wp\/v2\/pages"}],"about":[{"href":"https:\/\/craftjw.com\/es\/wp-json\/wp\/v2\/types\/page"}],"author":[{"embeddable":true,"href":"https:\/\/craftjw.com\/es\/wp-json\/wp\/v2\/users\/4"}],"replies":[{"embeddable":true,"href":"https:\/\/craftjw.com\/es\/wp-json\/wp\/v2\/comments?post=1777"}],"version-history":[{"count":1,"href":"https:\/\/craftjw.com\/es\/wp-json\/wp\/v2\/pages\/1777\/revisions"}],"predecessor-version":[{"id":53042,"href":"https:\/\/craftjw.com\/es\/wp-json\/wp\/v2\/pages\/1777\/revisions\/53042"}],"wp:attachment":[{"href":"https:\/\/craftjw.com\/es\/wp-json\/wp\/v2\/media?parent=1777"}],"curies":[{"name":"wp","href":"https:\/\/api.w.org\/{rel}","templated":true}]}}