{"id":1583,"date":"2026-03-14T23:33:43","date_gmt":"2026-03-14T22:33:43","guid":{"rendered":"https:\/\/craftjw.com\/producto\/llavero-3d-en-forma-de-casco-de-construccion-ldc-ldc-gift\/"},"modified":"2026-04-02T11:37:35","modified_gmt":"2026-04-02T09:37:35","slug":"3d-schlusselanhanger-in-form-eines-bauhelms-ldc-ldc-gift","status":"publish","type":"product","link":"https:\/\/craftjw.com\/de\/shop\/llaveros\/llavero-3d-en-forma-de-casco-de-construccion-ldc-ldc-gift\/","title":{"rendered":"LDC 3D-Bauhelm-Schl\u00fcsselanh\u00e4nger \u2013 LDC-Geschenk"},"content":{"rendered":"<p>Dieser einzigartige Bauhelm-Schl\u00fcsselanh\u00e4nger wurde speziell f\u00fcr alle entworfen, die an wichtigen Bau- oder Renovierungsprojekten beteiligt sind. Da sowohl die Helmfarben als auch der Text personalisiert werden k\u00f6nnen, ist er das perfekte Geschenk f\u00fcr alle, die Teil eines bedeutenden Projekts sind. Sie k\u00f6nnen auch die Initialen des Beschenkten hinzuf\u00fcgen und dem Anh\u00e4nger so eine ganz pers\u00f6nliche Note verleihen.<\/p>\n<p>W\u00e4hlen Sie aus drei Helmdesigns und gestalten Sie ein Unikat, das den Einsatz und die Hingabe Ihres gesamten Teams symbolisiert. Der in Spanien im 3D-Druckverfahren hergestellte Helm ist das perfekte Geschenk f\u00fcr Feierlichkeiten und Momente der Dankbarkeit im Rahmen von Bau- und Renovierungsprojekten.<\/p>\n<p><em><strong>Eigenschaften:<\/strong><\/em><\/p>\n<ul>\n<li>\ud83d\udee0 <strong>Anpassbar:<\/strong> Sie k\u00f6nnen aus verschiedenen Farben f\u00fcr Helm und Text w\u00e4hlen und au\u00dferdem den Anfangsbuchstaben Ihres Namens hinzuf\u00fcgen, wodurch Sie einen einzigartigen und pers\u00f6nlichen Schl\u00fcsselanh\u00e4nger kreieren.<\/li>\n<li>\u2699\ufe0f <strong style=\"font-family: -apple-system, BlinkMacSystemFont, 'Segoe UI', Roboto, 'Helvetica Neue', Arial, sans-serif, 'Apple Color Emoji', 'Segoe UI Emoji', 'Segoe UI Symbol'; font-size: 1rem;\">Drei Modelle erh\u00e4ltlich:<\/strong><span style=\"font-family: -apple-system, BlinkMacSystemFont, 'Segoe UI', Roboto, 'Helvetica Neue', Arial, sans-serif, 'Apple Color Emoji', 'Segoe UI Emoji', 'Segoe UI Symbol'; font-size: 1rem;\"> W\u00e4hlen Sie den Helm, der am besten zu Ihrem Geschmack oder dem jeweiligen Anlass passt. Zur Auswahl stehen drei verschiedene Modelle, die Teamwork und Zusammenarbeit symbolisieren.<\/span><\/li>\n<li>\ud83d\udda8\ufe0f <strong style=\"font-family: -apple-system, BlinkMacSystemFont, 'Segoe UI', Roboto, 'Helvetica Neue', Arial, sans-serif, 'Apple Color Emoji', 'Segoe UI Emoji', 'Segoe UI Symbol'; font-size: 1rem;\">Hergestellt in Spanien im 3D-Druckverfahren:<\/strong><span style=\"font-family: -apple-system, BlinkMacSystemFont, 'Segoe UI', Roboto, 'Helvetica Neue', Arial, sans-serif, 'Apple Color Emoji', 'Segoe UI Emoji', 'Segoe UI Symbol'; font-size: 1rem;\"> Die Qualit\u00e4t und Pr\u00e4zision dieses Schl\u00fcsselanh\u00e4ngers werden durch die lokale Fertigung mittels 3D-Druck garantiert.<\/span><\/li>\n<li>\ud83c\udf81 <strong style=\"font-family: -apple-system, BlinkMacSystemFont, 'Segoe UI', Roboto, 'Helvetica Neue', Arial, sans-serif, 'Apple Color Emoji', 'Segoe UI Emoji', 'Segoe UI Symbol'; font-size: 1rem;\">Das perfekte Geschenk f\u00fcr Bauprojekte in Entwicklungsl\u00e4ndern:<\/strong><span style=\"font-family: -apple-system, BlinkMacSystemFont, 'Segoe UI', Roboto, 'Helvetica Neue', Arial, sans-serif, 'Apple Color Emoji', 'Segoe UI Emoji', 'Segoe UI Symbol'; font-size: 1rem;\"> Ideal als Geschenk f\u00fcr freiwillige Helfer, die sich an Bau- oder Renovierungsprojekten beteiligt haben, als Symbol f\u00fcr ihren Einsatz und ihre Bem\u00fchungen.<\/span><\/li>\n<li>\ud83c\udf3f <strong style=\"font-family: -apple-system, BlinkMacSystemFont, 'Segoe UI', Roboto, 'Helvetica Neue', Arial, sans-serif, 'Apple Color Emoji', 'Segoe UI Emoji', 'Segoe UI Symbol'; font-size: 1rem;\">Umweltfreundlich:<\/strong><span style=\"font-family: -apple-system, BlinkMacSystemFont, 'Segoe UI', Roboto, 'Helvetica Neue', Arial, sans-serif, 'Apple Color Emoji', 'Segoe UI Emoji', 'Segoe UI Symbol'; font-size: 1rem;\"> Dieser aus nachhaltigen Materialien hergestellte Schl\u00fcsselanh\u00e4nger ist nicht nur ein pers\u00f6nliches Geschenk, sondern auch eine verantwortungsvolle Wahl f\u00fcr unseren Planeten.<\/span><\/li>\n<\/ul>\n<p>Dieser Schl\u00fcsselanh\u00e4nger ist eine hervorragende M\u00f6glichkeit, denjenigen zu danken und ihre Anerkennung auszusprechen, die an wichtigen Projekten beteiligt sind, und verleiht ihnen eine pers\u00f6nliche und einzigartige Note.<\/p>","protected":false},"excerpt":{"rendered":"<p>Dieser 3D-gedruckte Bauhelm-Schl\u00fcsselanh\u00e4nger l\u00e4sst sich mit Farben und dem Anfangsbuchstaben eines Namens individuell gestalten und ist somit ein einzigartiges Geschenk. Er ist in drei verschiedenen Modellen erh\u00e4ltlich und ideal f\u00fcr Bau- oder Renovierungsprojekte. Hergestellt in Spanien im 3D-Druckverfahren, garantiert er h\u00f6chste Qualit\u00e4t und Pr\u00e4zision. Er eignet sich perfekt, um sich bei allen Beteiligten wichtiger Projekte zu bedanken und ihnen eine pers\u00f6nliche Note zu verleihen.<\/p>","protected":false},"featured_media":1582,"template":"","meta":{"_seopress_robots_primary_cat":"none","_seopress_titles_title":"Llavero casco 3D: regalo personal para proyectos LDC - JW","_seopress_titles_desc":"Regala un llavero \u00fanico, personalizable y hecho en Espa\u00f1a. Perfecto para reconocimientos en proyectos de construcci\u00f3n para los voluntarios de proyectos LDC.","_seopress_robots_index":"","site-sidebar-layout":"default","site-content-layout":"","ast-site-content-layout":"default","site-content-style":"default","site-sidebar-style":"default","ast-global-header-display":"","ast-banner-title-visibility":"","ast-main-header-display":"","ast-hfb-above-header-display":"","ast-hfb-below-header-display":"","ast-hfb-mobile-header-display":"","site-post-title":"","ast-breadcrumbs-content":"","ast-featured-img":"","footer-sml-layout":"","ast-disable-related-posts":"","theme-transparent-header-meta":"default","adv-header-id-meta":"","stick-header-meta":"default","header-above-stick-meta":"","header-main-stick-meta":"","header-below-stick-meta":"","astra-migrate-meta-layouts":"set","ast-page-background-enabled":"default","ast-page-background-meta":{"desktop":{"background-color":"var(--ast-global-color-5)","background-image":"","background-repeat":"repeat","background-position":"center center","background-size":"auto","background-attachment":"scroll","background-type":"","background-media":"","overlay-type":"","overlay-color":"","overlay-opacity":"","overlay-gradient":""},"tablet":{"background-color":"","background-image":"","background-repeat":"repeat","background-position":"center center","background-size":"auto","background-attachment":"scroll","background-type":"","background-media":"","overlay-type":"","overlay-color":"","overlay-opacity":"","overlay-gradient":""},"mobile":{"background-color":"","background-image":"","background-repeat":"repeat","background-position":"center center","background-size":"auto","background-attachment":"scroll","background-type":"","background-media":"","overlay-type":"","overlay-color":"","overlay-opacity":"","overlay-gradient":""}},"ast-content-background-meta":{"desktop":{"background-color":"var(--ast-global-color-4)","background-image":"","background-repeat":"repeat","background-position":"center center","background-size":"auto","background-attachment":"scroll","background-type":"","background-media":"","overlay-type":"","overlay-color":"","overlay-opacity":"","overlay-gradient":""},"tablet":{"background-color":"var(--ast-global-color-4)","background-image":"","background-repeat":"repeat","background-position":"center center","background-size":"auto","background-attachment":"scroll","background-type":"","background-media":"","overlay-type":"","overlay-color":"","overlay-opacity":"","overlay-gradient":""},"mobile":{"background-color":"var(--ast-global-color-4)","background-image":"","background-repeat":"repeat","background-position":"center center","background-size":"auto","background-attachment":"scroll","background-type":"","background-media":"","overlay-type":"","overlay-color":"","overlay-opacity":"","overlay-gradient":""}}},"product_brand":[46],"product_cat":[45],"product_tag":[],"class_list":{"0":"post-1583","1":"product","2":"type-product","3":"status-publish","4":"has-post-thumbnail","6":"product_brand-craft-jw","7":"product_cat-llaveros","8":"desktop-align-center","9":"tablet-align-left","10":"mobile-align-left","11":"ast-product-gallery-layout-horizontal-slider","12":"ast-product-tabs-layout-horizontal","13":"tm-has-options","15":"first","16":"instock","17":"taxable","18":"shipping-taxable","19":"purchasable","20":"product-type-simple"},"_links":{"self":[{"href":"https:\/\/craftjw.com\/de\/wp-json\/wp\/v2\/product\/1583","targetHints":{"allow":["GET"]}}],"collection":[{"href":"https:\/\/craftjw.com\/de\/wp-json\/wp\/v2\/product"}],"about":[{"href":"https:\/\/craftjw.com\/de\/wp-json\/wp\/v2\/types\/product"}],"version-history":[{"count":1,"href":"https:\/\/craftjw.com\/de\/wp-json\/wp\/v2\/product\/1583\/revisions"}],"predecessor-version":[{"id":53087,"href":"https:\/\/craftjw.com\/de\/wp-json\/wp\/v2\/product\/1583\/revisions\/53087"}],"wp:featuredmedia":[{"embeddable":true,"href":"https:\/\/craftjw.com\/de\/wp-json\/wp\/v2\/media\/1582"}],"wp:attachment":[{"href":"https:\/\/craftjw.com\/de\/wp-json\/wp\/v2\/media?parent=1583"}],"wp:term":[{"taxonomy":"product_brand","embeddable":true,"href":"https:\/\/craftjw.com\/de\/wp-json\/wp\/v2\/product_brand?post=1583"},{"taxonomy":"product_cat","embeddable":true,"href":"https:\/\/craftjw.com\/de\/wp-json\/wp\/v2\/product_cat?post=1583"},{"taxonomy":"product_tag","embeddable":true,"href":"https:\/\/craftjw.com\/de\/wp-json\/wp\/v2\/product_tag?post=1583"}],"curies":[{"name":"wp","href":"https:\/\/api.w.org\/{rel}","templated":true}]}}