{"id":1564,"date":"2026-03-14T23:33:21","date_gmt":"2026-03-14T22:33:21","guid":{"rendered":"https:\/\/craftjw.com\/producto\/llavero-de-madera-con-el-texto-del-ano-2026-jw\/"},"modified":"2026-04-01T08:19:02","modified_gmt":"2026-04-01T06:19:02","slug":"schlusselanhanger-aus-holz-mit-dem-text-des-jahres-2026-jw","status":"publish","type":"product","link":"https:\/\/craftjw.com\/de\/shop\/llaveros\/llavero-de-madera-con-el-texto-del-ano-2026-jw\/","title":{"rendered":"Schl\u00fcsselanh\u00e4nger aus Holz mit dem Text der Jahreszahl 2026 \u2013 JW"},"content":{"rendered":"<p>Entdecken Sie Eleganz im Miniaturformat mit unserem lasergravierten Schl\u00fcsselanh\u00e4nger aus Holz, der den Text f\u00fcr das Jahr 2026 tr\u00e4gt: \u201cSelig sind die Armen im Geiste, denn ihrer ist das Himmelreich.\u201d (Matth\u00e4us 5,3).<br \/>\nDieser Schl\u00fcsselanh\u00e4nger aus Holz ist das perfekte, bedeutungsvolle Geschenk f\u00fcr die Br\u00fcder der Gemeinde.<\/p>\n<p><strong>Hauptmerkmale:<\/strong><\/p>\n<ul>\n<li><em>Holz von h\u00f6chster Qualit\u00e4t:<\/em> Hergestellt aus hochwertigem Holz f\u00fcr au\u00dfergew\u00f6hnliche Langlebigkeit und Charme.<\/li>\n<li><em>Pr\u00e4zise Lasergravur:<\/em> Feine Details, die die Sch\u00f6nheit des Textes aus dem Jahr 2026 auf einzigartige Weise hervorheben.<\/li>\n<\/ul>\n<p><strong>Vielseitige Verwendungsm\u00f6glichkeiten:<\/strong> Mehr als nur ein Schl\u00fcsselanh\u00e4nger \u2013 dieses kleine Meisterwerk wird Sie t\u00e4glich begleiten und Sie an den Text aus dem Jahr 2026 erinnern.<\/p>\n<p><strong>Abmessungen:<\/strong><\/p>\n<ul>\n<li><em>Durchmesser:<\/em> 45 mm<\/li>\n<li><em>Dicke:<\/em> 3 mm<\/li>\n<\/ul>","protected":false},"excerpt":{"rendered":"<p>Entdecken Sie Eleganz im Miniaturformat mit unserem lasergravierten Schl\u00fcsselanh\u00e4nger aus Holz, der den Text f\u00fcr das Jahr 2026 tr\u00e4gt: \u201cSelig sind die Armen im Geiste, denn ihrer ist das Himmelreich.\u201d (Matth\u00e4us 5,3).<br \/>\nDieser Schl\u00fcsselanh\u00e4nger aus Holz ist das perfekte, bedeutungsvolle Geschenk f\u00fcr die Br\u00fcder der Gemeinde.<\/p>","protected":false},"featured_media":1563,"template":"","meta":{"_seopress_robots_primary_cat":"","_seopress_titles_title":"Llavero de madera con el texto del a\u00f1o 2025 - JW","_seopress_titles_desc":"Descubre un llavero de madera \u00fanico, grabado con el texto del a\u00f1o 2025. Regalo ideal lleno de significado y calidad superior.","_seopress_robots_index":"","site-sidebar-layout":"default","site-content-layout":"","ast-site-content-layout":"default","site-content-style":"default","site-sidebar-style":"default","ast-global-header-display":"","ast-banner-title-visibility":"","ast-main-header-display":"","ast-hfb-above-header-display":"","ast-hfb-below-header-display":"","ast-hfb-mobile-header-display":"","site-post-title":"","ast-breadcrumbs-content":"","ast-featured-img":"","footer-sml-layout":"","ast-disable-related-posts":"","theme-transparent-header-meta":"default","adv-header-id-meta":"","stick-header-meta":"default","header-above-stick-meta":"","header-main-stick-meta":"","header-below-stick-meta":"","astra-migrate-meta-layouts":"set","ast-page-background-enabled":"default","ast-page-background-meta":{"desktop":{"background-color":"var(--ast-global-color-5)","background-image":"","background-repeat":"repeat","background-position":"center center","background-size":"auto","background-attachment":"scroll","background-type":"","background-media":"","overlay-type":"","overlay-color":"","overlay-opacity":"","overlay-gradient":""},"tablet":{"background-color":"","background-image":"","background-repeat":"repeat","background-position":"center center","background-size":"auto","background-attachment":"scroll","background-type":"","background-media":"","overlay-type":"","overlay-color":"","overlay-opacity":"","overlay-gradient":""},"mobile":{"background-color":"","background-image":"","background-repeat":"repeat","background-position":"center center","background-size":"auto","background-attachment":"scroll","background-type":"","background-media":"","overlay-type":"","overlay-color":"","overlay-opacity":"","overlay-gradient":""}},"ast-content-background-meta":{"desktop":{"background-color":"var(--ast-global-color-4)","background-image":"","background-repeat":"repeat","background-position":"center center","background-size":"auto","background-attachment":"scroll","background-type":"","background-media":"","overlay-type":"","overlay-color":"","overlay-opacity":"","overlay-gradient":""},"tablet":{"background-color":"var(--ast-global-color-4)","background-image":"","background-repeat":"repeat","background-position":"center center","background-size":"auto","background-attachment":"scroll","background-type":"","background-media":"","overlay-type":"","overlay-color":"","overlay-opacity":"","overlay-gradient":""},"mobile":{"background-color":"var(--ast-global-color-4)","background-image":"","background-repeat":"repeat","background-position":"center center","background-size":"auto","background-attachment":"scroll","background-type":"","background-media":"","overlay-type":"","overlay-color":"","overlay-opacity":"","overlay-gradient":""}}},"product_brand":[46],"product_cat":[45],"product_tag":[],"class_list":{"0":"post-1564","1":"product","2":"type-product","3":"status-publish","4":"has-post-thumbnail","6":"product_brand-craft-jw","7":"product_cat-llaveros","8":"desktop-align-center","9":"tablet-align-left","10":"mobile-align-left","11":"ast-product-gallery-layout-horizontal-slider","12":"ast-product-tabs-layout-horizontal","13":"tm-has-options","15":"first","16":"instock","17":"taxable","18":"shipping-taxable","19":"purchasable","20":"product-type-simple"},"_links":{"self":[{"href":"https:\/\/craftjw.com\/de\/wp-json\/wp\/v2\/product\/1564","targetHints":{"allow":["GET"]}}],"collection":[{"href":"https:\/\/craftjw.com\/de\/wp-json\/wp\/v2\/product"}],"about":[{"href":"https:\/\/craftjw.com\/de\/wp-json\/wp\/v2\/types\/product"}],"version-history":[{"count":1,"href":"https:\/\/craftjw.com\/de\/wp-json\/wp\/v2\/product\/1564\/revisions"}],"predecessor-version":[{"id":53008,"href":"https:\/\/craftjw.com\/de\/wp-json\/wp\/v2\/product\/1564\/revisions\/53008"}],"wp:featuredmedia":[{"embeddable":true,"href":"https:\/\/craftjw.com\/de\/wp-json\/wp\/v2\/media\/1563"}],"wp:attachment":[{"href":"https:\/\/craftjw.com\/de\/wp-json\/wp\/v2\/media?parent=1564"}],"wp:term":[{"taxonomy":"product_brand","embeddable":true,"href":"https:\/\/craftjw.com\/de\/wp-json\/wp\/v2\/product_brand?post=1564"},{"taxonomy":"product_cat","embeddable":true,"href":"https:\/\/craftjw.com\/de\/wp-json\/wp\/v2\/product_cat?post=1564"},{"taxonomy":"product_tag","embeddable":true,"href":"https:\/\/craftjw.com\/de\/wp-json\/wp\/v2\/product_tag?post=1564"}],"curies":[{"name":"wp","href":"https:\/\/api.w.org\/{rel}","templated":true}]}}