{"id":1525,"date":"2026-03-14T23:31:31","date_gmt":"2026-03-14T22:31:31","guid":{"rendered":"https:\/\/craftjw.com\/producto\/porta-tarjetas-de-contacto-jw\/"},"modified":"2026-04-02T11:04:48","modified_gmt":"2026-04-02T09:04:48","slug":"jw-kontaktkarteninhaber","status":"publish","type":"product","link":"https:\/\/craftjw.com\/de\/shop\/portatarjetas\/porta-tarjetas-de-contacto-jw\/","title":{"rendered":"JW-Kontaktkarteninhaber"},"content":{"rendered":"<p>Entdecken Sie den JW Visitenkartenhalter aus Aluminium!<\/p>\n<p>Dieser Visitenkartenhalter aus Aluminium sch\u00fctzt und pr\u00e4sentiert Ihre Visitenkarten als Zeuge Jehovas auf elegante und individuelle Weise. Erh\u00e4ltlich in verschiedenen leuchtenden Farben und pr\u00e4zise lasergraviert, eignet er sich ideal als Geschenk f\u00fcr Pioniersch\u00fcler, als Pr\u00e4sent f\u00fcr \u00c4lteste der Versammlung oder als besondere Erinnerung an Projekte der Kirche Jesu Christi der Heiligen der Letzten Tage, Regionalkongresse, besondere Anl\u00e4sse usw.<\/p>\n<p>Hauptmerkmale:<\/p>\n<ul>\n<li>Hergestellt aus robustem und leichtem Aluminium.<\/li>\n<li>Erh\u00e4ltlich in mehreren attraktiven Farben.<\/li>\n<li>Individuelle Gravur mit Lasertechnologie.<\/li>\n<li>Ideal f\u00fcr Kontaktkarten der Zeugen Jehovas.<\/li>\n<\/ul>\n<p>Machen Sie Ihre Geschenke pers\u00f6nlicher und praktischer. Dieses Kartenetui sch\u00fctzt nicht nur Ihre Visitenkarten, sondern verleiht ihnen auch eine individuelle Note.<\/p>\n<p>Verleihen Sie Ihren Geschenken mit diesem Kartenhalter aus Aluminium eine besondere Note.<\/p>\n<p>Bestellen Sie noch heute und \u00fcberraschen Sie Ihre Liebsten mit diesem speziell f\u00fcr sie entworfenen Geschenk!<\/p>","protected":false},"excerpt":{"rendered":"<p>Entdecken Sie den lasergegravierten Visitenkartenhalter aus Aluminium f\u00fcr die Visitenkarten der Zeugen Jehovas! Erh\u00e4ltlich in vielen leuchtenden Farben, ist dieses Accessoire das perfekte Geschenk f\u00fcr \u00c4lteste in Pionierschulen und Versammlungen sowie f\u00fcr regionale Kongresse, besondere Anl\u00e4sse und vieles mehr. Sein robustes, personalisiertes Design sch\u00fctzt und pr\u00e4sentiert Visitenkarten elegant. Verleihen Sie Ihren Geschenken mit diesem vielseitigen und unverwechselbaren Kartenhalter eine besondere Note.<\/p>","protected":false},"featured_media":1524,"template":"","meta":{"_seopress_robots_primary_cat":"none","_seopress_titles_title":"%%title%% %%page%%","_seopress_titles_desc":"","_seopress_robots_index":"","site-sidebar-layout":"default","site-content-layout":"","ast-site-content-layout":"default","site-content-style":"default","site-sidebar-style":"default","ast-global-header-display":"","ast-banner-title-visibility":"","ast-main-header-display":"","ast-hfb-above-header-display":"","ast-hfb-below-header-display":"","ast-hfb-mobile-header-display":"","site-post-title":"","ast-breadcrumbs-content":"","ast-featured-img":"","footer-sml-layout":"","ast-disable-related-posts":"","theme-transparent-header-meta":"default","adv-header-id-meta":"","stick-header-meta":"default","header-above-stick-meta":"","header-main-stick-meta":"","header-below-stick-meta":"","astra-migrate-meta-layouts":"set","ast-page-background-enabled":"default","ast-page-background-meta":{"desktop":{"background-color":"var(--ast-global-color-5)","background-image":"","background-repeat":"repeat","background-position":"center center","background-size":"auto","background-attachment":"scroll","background-type":"","background-media":"","overlay-type":"","overlay-color":"","overlay-opacity":"","overlay-gradient":""},"tablet":{"background-color":"","background-image":"","background-repeat":"repeat","background-position":"center center","background-size":"auto","background-attachment":"scroll","background-type":"","background-media":"","overlay-type":"","overlay-color":"","overlay-opacity":"","overlay-gradient":""},"mobile":{"background-color":"","background-image":"","background-repeat":"repeat","background-position":"center center","background-size":"auto","background-attachment":"scroll","background-type":"","background-media":"","overlay-type":"","overlay-color":"","overlay-opacity":"","overlay-gradient":""}},"ast-content-background-meta":{"desktop":{"background-color":"var(--ast-global-color-4)","background-image":"","background-repeat":"repeat","background-position":"center center","background-size":"auto","background-attachment":"scroll","background-type":"","background-media":"","overlay-type":"","overlay-color":"","overlay-opacity":"","overlay-gradient":""},"tablet":{"background-color":"var(--ast-global-color-4)","background-image":"","background-repeat":"repeat","background-position":"center center","background-size":"auto","background-attachment":"scroll","background-type":"","background-media":"","overlay-type":"","overlay-color":"","overlay-opacity":"","overlay-gradient":""},"mobile":{"background-color":"var(--ast-global-color-4)","background-image":"","background-repeat":"repeat","background-position":"center center","background-size":"auto","background-attachment":"scroll","background-type":"","background-media":"","overlay-type":"","overlay-color":"","overlay-opacity":"","overlay-gradient":""}}},"product_brand":[46],"product_cat":[44,50],"product_tag":[],"class_list":{"0":"post-1525","1":"product","2":"type-product","3":"status-publish","4":"has-post-thumbnail","6":"product_brand-craft-jw","7":"product_cat-portatarjetas","8":"product_cat-varios-regalos","9":"desktop-align-center","10":"tablet-align-left","11":"mobile-align-left","12":"ast-product-gallery-layout-horizontal-slider","13":"ast-product-tabs-layout-horizontal","14":"tm-has-options","16":"first","17":"instock","18":"taxable","19":"shipping-taxable","20":"purchasable","21":"product-type-simple"},"_links":{"self":[{"href":"https:\/\/craftjw.com\/de\/wp-json\/wp\/v2\/product\/1525","targetHints":{"allow":["GET"]}}],"collection":[{"href":"https:\/\/craftjw.com\/de\/wp-json\/wp\/v2\/product"}],"about":[{"href":"https:\/\/craftjw.com\/de\/wp-json\/wp\/v2\/types\/product"}],"version-history":[{"count":1,"href":"https:\/\/craftjw.com\/de\/wp-json\/wp\/v2\/product\/1525\/revisions"}],"predecessor-version":[{"id":53014,"href":"https:\/\/craftjw.com\/de\/wp-json\/wp\/v2\/product\/1525\/revisions\/53014"}],"wp:featuredmedia":[{"embeddable":true,"href":"https:\/\/craftjw.com\/de\/wp-json\/wp\/v2\/media\/1524"}],"wp:attachment":[{"href":"https:\/\/craftjw.com\/de\/wp-json\/wp\/v2\/media?parent=1525"}],"wp:term":[{"taxonomy":"product_brand","embeddable":true,"href":"https:\/\/craftjw.com\/de\/wp-json\/wp\/v2\/product_brand?post=1525"},{"taxonomy":"product_cat","embeddable":true,"href":"https:\/\/craftjw.com\/de\/wp-json\/wp\/v2\/product_cat?post=1525"},{"taxonomy":"product_tag","embeddable":true,"href":"https:\/\/craftjw.com\/de\/wp-json\/wp\/v2\/product_tag?post=1525"}],"curies":[{"name":"wp","href":"https:\/\/api.w.org\/{rel}","templated":true}]}}