{"id":1516,"date":"2026-03-14T23:31:25","date_gmt":"2026-03-14T22:31:25","guid":{"rendered":"https:\/\/craftjw.com\/producto\/llavero-de-madera-para-escuela-precursor\/"},"modified":"2026-04-02T11:07:35","modified_gmt":"2026-04-02T09:07:35","slug":"schlusselanhanger-aus-holz-fur-die-pionierschule","status":"publish","type":"product","link":"https:\/\/craftjw.com\/de\/shop\/llaveros\/llavero-de-madera-para-escuela-precursor\/","title":{"rendered":"Schl\u00fcsselanh\u00e4nger aus Holz f\u00fcr die Precursor School"},"content":{"rendered":"<p>Entdecken Sie das perfekte Geschenk, das die Hingabe und das Engagement der Pioniere und Gemeindemitglieder widerspiegelt! Unser lasergravierter Schl\u00fcsselanh\u00e4nger aus Holz ist ein einzigartiges und bedeutungsvolles Erinnerungsst\u00fcck, ideal zum Personalisieren und Gedenken besonderer Momente im Leben der Pioniersch\u00fcler.<\/p>\n<p>Sorgf\u00e4ltig aus hochwertigem Holz gefertigt und mit modernster Lasertechnologie pr\u00e4zise zugeschnitten, besticht jeder Schl\u00fcsselanh\u00e4nger durch seine exquisite Verarbeitung und die filigranen Details. Das Beste daran: Sie k\u00f6nnen beide Seiten des Schl\u00fcsselanh\u00e4ngers personalisieren und Namen, Daten, Bibelverse oder eine pers\u00f6nliche Botschaft hinzuf\u00fcgen, die Sie Ihrem Pionierbruder oder Ihrer Pionierschwester \u00fcbermitteln m\u00f6chten.<\/p>\n<p>Der elegante und schlichte Schl\u00fcsselanh\u00e4nger ist ein vielseitiges Accessoire, das Ihre Lieben im Alltag begleiten kann. Er ist das ideale Geschenk, um wichtige Meilensteine im Pionierdienst zu feiern, wie beispielsweise das Erreichen bestimmter Predigtstunden, Taufjubil\u00e4en oder den Besuch der Pionierschule.<\/p>\n<p>Dieser personalisierte Schl\u00fcsselanh\u00e4nger ist nicht nur ein sch\u00f6nes Geschenk f\u00fcr Pioniere, sondern auch die perfekte Wahl f\u00fcr jeden besonderen Anlass. \u00dcberraschen Sie Ihren Bruder oder Ihre Schwester und zeigen Sie Ihre Dankbarkeit und Zuneigung zu jeder Jahreszeit.<\/p>","protected":false},"excerpt":{"rendered":"<p>Entdecken Sie den lasergravierten Schl\u00fcsselanh\u00e4nger aus Holz \u2013 das ideale Geschenk f\u00fcr die Pioneer School. Beidseitig personalisierbar mit Namen und besonderen Daten. Elegantes und langlebiges Design aus hochwertigem Holz. \u00dcberraschen und ehren Sie die Pioneers mit diesem einzigartigen Erinnerungsst\u00fcck.<\/p>","protected":false},"featured_media":1515,"template":"","meta":{"_seopress_robots_primary_cat":"none","_seopress_titles_title":"","_seopress_titles_desc":"","_seopress_robots_index":"","site-sidebar-layout":"default","site-content-layout":"","ast-site-content-layout":"default","site-content-style":"default","site-sidebar-style":"default","ast-global-header-display":"","ast-banner-title-visibility":"","ast-main-header-display":"","ast-hfb-above-header-display":"","ast-hfb-below-header-display":"","ast-hfb-mobile-header-display":"","site-post-title":"","ast-breadcrumbs-content":"","ast-featured-img":"","footer-sml-layout":"","ast-disable-related-posts":"","theme-transparent-header-meta":"default","adv-header-id-meta":"","stick-header-meta":"default","header-above-stick-meta":"","header-main-stick-meta":"","header-below-stick-meta":"","astra-migrate-meta-layouts":"set","ast-page-background-enabled":"default","ast-page-background-meta":{"desktop":{"background-color":"var(--ast-global-color-5)","background-image":"","background-repeat":"repeat","background-position":"center center","background-size":"auto","background-attachment":"scroll","background-type":"","background-media":"","overlay-type":"","overlay-color":"","overlay-opacity":"","overlay-gradient":""},"tablet":{"background-color":"","background-image":"","background-repeat":"repeat","background-position":"center center","background-size":"auto","background-attachment":"scroll","background-type":"","background-media":"","overlay-type":"","overlay-color":"","overlay-opacity":"","overlay-gradient":""},"mobile":{"background-color":"","background-image":"","background-repeat":"repeat","background-position":"center center","background-size":"auto","background-attachment":"scroll","background-type":"","background-media":"","overlay-type":"","overlay-color":"","overlay-opacity":"","overlay-gradient":""}},"ast-content-background-meta":{"desktop":{"background-color":"var(--ast-global-color-4)","background-image":"","background-repeat":"repeat","background-position":"center center","background-size":"auto","background-attachment":"scroll","background-type":"","background-media":"","overlay-type":"","overlay-color":"","overlay-opacity":"","overlay-gradient":""},"tablet":{"background-color":"var(--ast-global-color-4)","background-image":"","background-repeat":"repeat","background-position":"center center","background-size":"auto","background-attachment":"scroll","background-type":"","background-media":"","overlay-type":"","overlay-color":"","overlay-opacity":"","overlay-gradient":""},"mobile":{"background-color":"var(--ast-global-color-4)","background-image":"","background-repeat":"repeat","background-position":"center center","background-size":"auto","background-attachment":"scroll","background-type":"","background-media":"","overlay-type":"","overlay-color":"","overlay-opacity":"","overlay-gradient":""}}},"product_brand":[46],"product_cat":[45],"product_tag":[],"class_list":{"0":"post-1516","1":"product","2":"type-product","3":"status-publish","4":"has-post-thumbnail","6":"product_brand-craft-jw","7":"product_cat-llaveros","8":"desktop-align-center","9":"tablet-align-left","10":"mobile-align-left","11":"ast-product-gallery-layout-horizontal-slider","12":"ast-product-gallery-with-no-image","13":"ast-product-tabs-layout-horizontal","14":"tm-has-options","16":"first","17":"instock","18":"taxable","19":"shipping-taxable","20":"purchasable","21":"product-type-simple"},"_links":{"self":[{"href":"https:\/\/craftjw.com\/de\/wp-json\/wp\/v2\/product\/1516","targetHints":{"allow":["GET"]}}],"collection":[{"href":"https:\/\/craftjw.com\/de\/wp-json\/wp\/v2\/product"}],"about":[{"href":"https:\/\/craftjw.com\/de\/wp-json\/wp\/v2\/types\/product"}],"version-history":[{"count":1,"href":"https:\/\/craftjw.com\/de\/wp-json\/wp\/v2\/product\/1516\/revisions"}],"predecessor-version":[{"id":53091,"href":"https:\/\/craftjw.com\/de\/wp-json\/wp\/v2\/product\/1516\/revisions\/53091"}],"wp:featuredmedia":[{"embeddable":true,"href":"https:\/\/craftjw.com\/de\/wp-json\/wp\/v2\/media\/1515"}],"wp:attachment":[{"href":"https:\/\/craftjw.com\/de\/wp-json\/wp\/v2\/media?parent=1516"}],"wp:term":[{"taxonomy":"product_brand","embeddable":true,"href":"https:\/\/craftjw.com\/de\/wp-json\/wp\/v2\/product_brand?post=1516"},{"taxonomy":"product_cat","embeddable":true,"href":"https:\/\/craftjw.com\/de\/wp-json\/wp\/v2\/product_cat?post=1516"},{"taxonomy":"product_tag","embeddable":true,"href":"https:\/\/craftjw.com\/de\/wp-json\/wp\/v2\/product_tag?post=1516"}],"curies":[{"name":"wp","href":"https:\/\/api.w.org\/{rel}","templated":true}]}}