{"id":1510,"date":"2026-03-14T23:31:21","date_gmt":"2026-03-14T22:31:21","guid":{"rendered":"https:\/\/craftjw.com\/producto\/portatarjetas-de-contacto-para-tarjetas-jw-para-carrito-de-literatura-expositor\/"},"modified":"2026-04-02T11:09:09","modified_gmt":"2026-04-02T09:09:09","slug":"kontaktkartenhalter-fur-jw-karten-zur-prasentation-im-literaturwagen","status":"publish","type":"product","link":"https:\/\/craftjw.com\/de\/shop\/portatarjetas\/portatarjetas-de-contacto-para-tarjetas-jw-para-carrito-de-literatura-expositor\/","title":{"rendered":"Visitenkartenhalter f\u00fcr JW-Karten f\u00fcr Prospektwagen \/ Pr\u00e4sentationsst\u00e4nder"},"content":{"rendered":"<p>H\u00e4tten Sie gerne ein effizientes und ansprechendes System zur Organisation und Pr\u00e4sentation Ihrer JW-Kontaktkarten?<br \/>\nWir haben die perfekte L\u00f6sung! Unser JW-Kontaktkartenhalter ist die beste M\u00f6glichkeit, Ihre Kontaktkarten jederzeit ordentlich aufzubewahren.<\/p>\n<p>Dieser JW-Kontaktkartenhalter ist in zwei verschiedenen Ausf\u00fchrungen erh\u00e4ltlich \u2013 vertikal und horizontal \u2013, um Ihren Bed\u00fcrfnissen gerecht zu werden. Beide Modelle verf\u00fcgen \u00fcber flexible Befestigungslaschen, die f\u00fcr einen sicheren Halt des Displays sorgen. Sie lassen sich zudem sehr einfach anbringen und entfernen, sodass Sie keine Zeit mit der Installation verschwenden.<\/p>\n<p>Die Qualit\u00e4t unseres JW-Kontaktkartenhalters ist un\u00fcbertroffen. Er wird aus hochwertigen Materialien gefertigt, die seine Langlebigkeit und Widerstandsf\u00e4higkeit im t\u00e4glichen Gebrauch gew\u00e4hrleisten. Dar\u00fcber hinaus macht das attraktive und elegante Design unseres JW-Kontaktkartenhalters \u00fcberall eine gute Figur.<\/p>\n<p>Mit unserem JW Visitenkartenhalter verf\u00fcgen Sie \u00fcber ein effizientes und ansprechendes System zur jederzeit griffbereiten Pr\u00e4sentation Ihrer Visitenkarten. Optimieren Sie jetzt die Organisation und Pr\u00e4sentation Ihrer Visitenkarten! Bestellen Sie Ihren JW Visitenkartenhalter noch heute!<\/p>","protected":false},"excerpt":{"rendered":"<p>H\u00e4tten Sie gerne ein effizientes und ansprechendes System zur Organisation und Pr\u00e4sentation Ihrer JW-Kontaktkarten?<br \/>\nWir haben die perfekte L\u00f6sung! Unser JW-Kontaktkartenhalter ist die beste M\u00f6glichkeit, Ihre Kontaktkarten jederzeit ordentlich aufzubewahren.<\/p>\n<p>Dieser JW-Kontaktkartenhalter ist in zwei verschiedenen Ausf\u00fchrungen erh\u00e4ltlich \u2013 vertikal und horizontal \u2013, um Ihren Bed\u00fcrfnissen gerecht zu werden. Beide Modelle verf\u00fcgen \u00fcber flexible Befestigungslaschen, die f\u00fcr einen sicheren Halt des Displays sorgen. Sie lassen sich zudem sehr einfach anbringen und entfernen, sodass Sie keine Zeit mit der Installation verschwenden.<\/p>","protected":false},"featured_media":1509,"template":"","meta":{"_seopress_robots_primary_cat":"none","_seopress_titles_title":"%%title%%","_seopress_titles_desc":"","_seopress_robots_index":"","site-sidebar-layout":"default","site-content-layout":"","ast-site-content-layout":"default","site-content-style":"default","site-sidebar-style":"default","ast-global-header-display":"","ast-banner-title-visibility":"","ast-main-header-display":"","ast-hfb-above-header-display":"","ast-hfb-below-header-display":"","ast-hfb-mobile-header-display":"","site-post-title":"","ast-breadcrumbs-content":"","ast-featured-img":"","footer-sml-layout":"","ast-disable-related-posts":"","theme-transparent-header-meta":"default","adv-header-id-meta":"","stick-header-meta":"default","header-above-stick-meta":"","header-main-stick-meta":"","header-below-stick-meta":"","astra-migrate-meta-layouts":"set","ast-page-background-enabled":"default","ast-page-background-meta":{"desktop":{"background-color":"var(--ast-global-color-5)","background-image":"","background-repeat":"repeat","background-position":"center center","background-size":"auto","background-attachment":"scroll","background-type":"","background-media":"","overlay-type":"","overlay-color":"","overlay-opacity":"","overlay-gradient":""},"tablet":{"background-color":"","background-image":"","background-repeat":"repeat","background-position":"center center","background-size":"auto","background-attachment":"scroll","background-type":"","background-media":"","overlay-type":"","overlay-color":"","overlay-opacity":"","overlay-gradient":""},"mobile":{"background-color":"","background-image":"","background-repeat":"repeat","background-position":"center center","background-size":"auto","background-attachment":"scroll","background-type":"","background-media":"","overlay-type":"","overlay-color":"","overlay-opacity":"","overlay-gradient":""}},"ast-content-background-meta":{"desktop":{"background-color":"var(--ast-global-color-4)","background-image":"","background-repeat":"repeat","background-position":"center center","background-size":"auto","background-attachment":"scroll","background-type":"","background-media":"","overlay-type":"","overlay-color":"","overlay-opacity":"","overlay-gradient":""},"tablet":{"background-color":"var(--ast-global-color-4)","background-image":"","background-repeat":"repeat","background-position":"center center","background-size":"auto","background-attachment":"scroll","background-type":"","background-media":"","overlay-type":"","overlay-color":"","overlay-opacity":"","overlay-gradient":""},"mobile":{"background-color":"var(--ast-global-color-4)","background-image":"","background-repeat":"repeat","background-position":"center center","background-size":"auto","background-attachment":"scroll","background-type":"","background-media":"","overlay-type":"","overlay-color":"","overlay-opacity":"","overlay-gradient":""}}},"product_brand":[],"product_cat":[44],"product_tag":[],"class_list":{"0":"post-1510","1":"product","2":"type-product","3":"status-publish","4":"has-post-thumbnail","6":"product_cat-portatarjetas","7":"desktop-align-center","8":"tablet-align-left","9":"mobile-align-left","10":"ast-product-gallery-layout-horizontal-slider","11":"ast-product-tabs-layout-horizontal","12":"tm-has-options","14":"first","15":"instock","16":"taxable","17":"shipping-taxable","18":"purchasable","19":"product-type-simple"},"_links":{"self":[{"href":"https:\/\/craftjw.com\/de\/wp-json\/wp\/v2\/product\/1510","targetHints":{"allow":["GET"]}}],"collection":[{"href":"https:\/\/craftjw.com\/de\/wp-json\/wp\/v2\/product"}],"about":[{"href":"https:\/\/craftjw.com\/de\/wp-json\/wp\/v2\/types\/product"}],"version-history":[{"count":1,"href":"https:\/\/craftjw.com\/de\/wp-json\/wp\/v2\/product\/1510\/revisions"}],"predecessor-version":[{"id":53092,"href":"https:\/\/craftjw.com\/de\/wp-json\/wp\/v2\/product\/1510\/revisions\/53092"}],"wp:featuredmedia":[{"embeddable":true,"href":"https:\/\/craftjw.com\/de\/wp-json\/wp\/v2\/media\/1509"}],"wp:attachment":[{"href":"https:\/\/craftjw.com\/de\/wp-json\/wp\/v2\/media?parent=1510"}],"wp:term":[{"taxonomy":"product_brand","embeddable":true,"href":"https:\/\/craftjw.com\/de\/wp-json\/wp\/v2\/product_brand?post=1510"},{"taxonomy":"product_cat","embeddable":true,"href":"https:\/\/craftjw.com\/de\/wp-json\/wp\/v2\/product_cat?post=1510"},{"taxonomy":"product_tag","embeddable":true,"href":"https:\/\/craftjw.com\/de\/wp-json\/wp\/v2\/product_tag?post=1510"}],"curies":[{"name":"wp","href":"https:\/\/api.w.org\/{rel}","templated":true}]}}