{"id":2743,"date":"2021-08-18T06:52:10","date_gmt":"2021-08-18T06:52:10","guid":{"rendered":"https:\/\/www.tks3d.com\/?page_id=2743"},"modified":"2026-03-15T15:41:33","modified_gmt":"2026-03-15T14:41:33","slug":"allgemeine-nutzungs-und-verkaufsbedingungen","status":"publish","type":"page","link":"https:\/\/craftjw.com\/de\/condiciones-generales-de-uso-y-venta\/","title":{"rendered":"Allgemeine Nutzungs- und Verkaufsbedingungen"},"content":{"rendered":"<h3 class=\"wp-block-heading\" id=\"1-datos-identificativos-de-camaloon\">1. Identifizierende Informationen f\u00fcr craftjw.com<\/h3>\n\n\n\n<p>Der Website-Dienstleister ist Emmanuel Kielichowski (nachfolgend \u201cCraftjw\u201d), mit innergemeinschaftlicher Umsatzsteuer-Identifikationsnummer ESX2878559V und Sitz in Calle Claveles 4, 12600 Vall de Ux\u00f3 (Castell\u00f3n), Spanien.<\/p>\n\n\n\n<h3 class=\"wp-block-heading\" id=\"2-descripcion-del-servicio\">2. Leistungsbeschreibung<\/h3>\n\n\n\n<p>Bei Craftjw bieten wir unseren Nutzern und Kunden \u00fcber das Internet eine Reihe von Dienstleistungen an, wie zum Beispiel die Vermarktung und Herstellung von personalisierten Artikeln, Geschenkartikeln und Dekorationsartikeln: Schl\u00fcsselanh\u00e4ngern, Schachteln, Magneten, Taschen, Aufklebern usw.<\/p>\n\n\n\n<p>Nutzer unserer Website k\u00f6nnen Produkte f\u00fcr den Eigengebrauch oder zum Weiterverkauf an Dritte erwerben.<\/p>\n\n\n\n<h3 class=\"wp-block-heading\" id=\"3-uso-de-las-paginas-web-bajo-la-marca-de-camaloon\">3. Nutzung der Website craftjw.com<\/h3>\n\n\n\n<h4 class=\"wp-block-heading\" id=\"3-1-edad-minima\">3.1 Mindestalter<\/h4>\n\n\n\n<p>Um die Craftjw-Website nutzen zu k\u00f6nnen, m\u00fcssen Sie vollj\u00e4hrig sein (mindestens 18 Jahre alt).<\/p>\n\n\n\n<h4 class=\"wp-block-heading\" id=\"3-2-licencia-de-uso-de-la-web-y-del-servicio-de-camaloon\">3.2 Lizenz zur Nutzung der Craftjw-Website und des zugeh\u00f6rigen Dienstes<\/h4>\n\n\n\n<p>Craftjw gew\u00e4hrt Ihnen eine beschr\u00e4nkte und widerrufliche Lizenz f\u00fcr den Zugriff auf und die Nutzung unserer Websites und Dienste gem\u00e4\u00df diesen Allgemeinen Nutzungs- und Verkaufsbedingungen. Diese Lizenz beinhaltet nicht das Recht, Website-Informationen f\u00fcr von uns untersagte Zwecke zu sammeln oder zu verwenden, wie beispielsweise den Wettbewerb mit Craftjw, die Verwendung von Craftjw-Inhalten in jeglicher Form oder die Erstellung einer teilweisen oder vollst\u00e4ndigen Kopie unserer Websites.<\/p>\n\n\n\n<h3 class=\"wp-block-heading\" id=\"4-reglas-generales\">4. Allgemeine Regeln<\/h3>\n\n\n\n<h4 class=\"wp-block-heading\" id=\"4-1-uso-prohibido\">4.1 Verbotene Verwendung<\/h4>\n\n\n\n<p>Es ist Ihnen untersagt, unsere Websites oder den Craftjw-Service zu besch\u00e4digen oder dies tats\u00e4chlich zu tun. Beispielsweise sind \u2013 ohne Anspruch auf Vollst\u00e4ndigkeit \u2013 folgende Handlungen verboten:<\/p>\n\n\n\n<p>a. Den Craftjw-Dienst durch die Verwendung von Viren oder anderen Programmen zu st\u00f6ren, die dazu bestimmt sind, Software oder Hardware zu besch\u00e4digen.<\/p>\n\n\n\n<p>b. Jegliche auf den Craftjw-Websites verwendete Technologie zu modifizieren oder eigene Versionen davon zu erstellen.<\/p>\n\n\n\n<p>c. Jegliche Art von Skripten, Robotern oder Technologien zur \u00dcberwachung der Craftjw-Website ist untersagt.<\/p>\n\n\n\n<p>d. Sammeln Sie E-Mails oder andere Informationen \u00fcber den Craftjw-Dienst.<\/p>\n\n\n\n<p>e. Sich als eine andere Person oder Organisation ausgeben oder Ihre Daten verf\u00e4lschen.<\/p>\n\n\n\n<p>f. Das St\u00f6bern oder Einkaufen auf der Craftjw-Website, wenn Sie nicht vollj\u00e4hrig sind.<\/p>\n\n\n\n<h4 class=\"wp-block-heading\" id=\"4-2-privacidad-y-proteccion-de-datos\">4.2 Datenschutz und Datensicherheit<\/h4>\n\n\n\n<p>Bei Craftjw legen wir besonderen Wert auf Sicherheit und die Vertraulichkeit der von unseren Kunden bereitgestellten Daten. Wir sind bestrebt, Ihnen den besten Service und das beste Online-Erlebnis zu bieten. Informationen zu Ihren Rechten und deren Aus\u00fcbung finden Sie auf der Seite [Link zur Datenschutzerkl\u00e4rung\/Website\/etc.].\u00a0<a href=\"https:\/\/craftjw.com\/de\/datenschutzrichtlinie\/\">Datenschutz<\/a>.<\/p>\n\n\n\n<h4 class=\"wp-block-heading\" id=\"4-3-condiciones-de-compra\">4.3 Kaufbedingungen<\/h4>\n\n\n\n<h5 class=\"wp-block-heading\" id=\"4-3-1-sistema-de-venta\">4.3.1 Vertriebssystem<\/h5>\n\n\n\n<p>Um einen Kauf zu t\u00e4tigen, m\u00fcssen Sie Ihre Bestellung online \u00fcber den daf\u00fcr vorgesehenen Bestellvorgang aufgeben. Sie k\u00f6nnen uns kontaktieren durch&nbsp;<a href=\"mailto:info@kiemmi.com\">E-Mail<\/a>&nbsp;Wenn Sie Hilfe ben\u00f6tigen.<\/p>\n\n\n\n<h5 class=\"wp-block-heading\" id=\"4-3-2-impuestos-aplicables\">4.3.2 Anwendbare Steuern<\/h5>\n\n\n\n<p>W\u00e4hrend des Bestellvorgangs finden Sie eine detaillierte Preisaufstellung der auf unserer Website angezeigten Produkte. Wir zeigen Ihnen die Preise inklusive Mehrwertsteuer sowie die Versandkosten an, und zwar immer bevor Sie Ihren Kauf best\u00e4tigen.<\/p>\n\n\n\n<p>Die Mehrwertsteuers\u00e4tze k\u00f6nnen je nach Ihrem Wohnsitz, der Art des Produkts und dessen Herkunft variieren. Bei Fragen zu einer bestimmten Mehrwertsteuerbefreiung kontaktieren Sie uns bitte direkt per E-Mail unter der folgenden Adresse:\u00a0<a href=\"mailto:info@kiemmi.com\">info@craftjw.com<\/a>.<\/p>\n\n\n\n<p>Einfuhrz\u00f6lle, Kosten f\u00fcr Bank\u00fcberweisungen, Zollformalit\u00e4ten oder Einbehalte am Ursprungsort oder solche im Zusammenhang mit der Lieferung in Sondergebiete (siehe Abschnitt Nr. 4.3.4) oder L\u00e4nder au\u00dferhalb der Europ\u00e4ischen Union sind Ihre Verantwortung als Kunde und sind nicht in den Preisen enthalten, die wir auf der Website angeben.<\/p>\n\n\n\n<h5 class=\"wp-block-heading\" id=\"4-3-3-forma-de-pago\">4.3.3 Zahlungsmethode<\/h5>\n\n\n\n<p>Bei Ihrer Bestellung m\u00fcssen Sie den Betrag mit einer der auf unserer Website akzeptierten Zahlungsmethoden begleichen. Erst dann beginnen wir mit der Produktion Ihrer Bestellung. In bestimmten F\u00e4llen und zur Betrugspr\u00e4vention beh\u00e4lt sich Kiemmi das Recht vor, von seinen Kunden die Verwendung einer bestimmten Zahlungsmethode oder die Vorlage zus\u00e4tzlicher Dokumente zu verlangen.<\/p>\n\n\n\n<h5 class=\"wp-block-heading\" id=\"4-3-4-forma-gastos-y-plazos-de-envio\">4.3.4 Versandart, Kosten und Fristen<\/h5>\n\n\n\n<p>Wir versenden Bestellungen an unsere Kunden in Europa und dem Rest der Welt mit verschiedenen Versandunternehmen. Die Versandkosten werden automatisch berechnet, wenn Sie ein Angebot anfordern oder eine Bestellung aufgeben.<\/p>\n\n\n\n<p>Es gibt bestimmte Gebiete, f\u00fcr die, obwohl sie zu einem bestimmten Land geh\u00f6ren, zus\u00e4tzliche Geb\u00fchren anfallen k\u00f6nnen, da Transportunternehmen sie in der Regel als Ausnahmef\u00e4lle behandeln. Beispiele hierf\u00fcr sind Ceuta, Melilla, Guadeloupe, Martinique und die Kanarischen Inseln.<\/p>\n\n\n\n<p>Die Produktionszeiten finden Sie auf unserer Website. Es kann vorkommen, dass es aufgrund von Produktengp\u00e4ssen, versp\u00e4teter Best\u00e4tigung Ihrerseits, Designfehlern etc. zu Produktionsverz\u00f6gerungen kommt. Wir bei Kiemmi sind uns jedoch bewusst, dass wir die Produkte so schnell wie m\u00f6glich an die von Ihnen angegebene Lieferadresse liefern m\u00fcssen, und zwar innerhalb der Produktions- und Lieferzeiten, sp\u00e4testens jedoch innerhalb von drei\u00dfig (30) Kalendertagen ab Auftragsbest\u00e4tigung. Sollte es zu einer Verz\u00f6gerung kommen, werden wir Sie kontaktieren und Sie \u00fcber alle \u00c4nderungen informieren.<\/p>\n\n\n\n<p>Lieferzeiten k\u00f6nnen durch au\u00dfergew\u00f6hnliche Transportereignisse (z. B. Streiks, Wetterereignisse, politische Ausnahmesituationen usw.) oder durch Zollabfertigung, Kontrollen im Zielland oder Schwierigkeiten bei der Warenzustellung beeintr\u00e4chtigt werden. Kiemmi \u00fcbernimmt keine Haftung f\u00fcr Verz\u00f6gerungen, die durch das Transportunternehmen oder Zollverfahren verursacht werden. Wir verpflichten uns jedoch, jede Bestellung, die w\u00e4hrend des Transports besch\u00e4digt wurde oder verloren gegangen ist, innerhalb eines angemessenen Zeitraums zu ersetzen.<\/p>\n\n\n\n<h3 class=\"wp-block-heading\" id=\"5-garantias-cambios-cancelaciones-y-devoluciones\">5. Garantien, Umtausch, Stornierungen und R\u00fcckgaben<\/h3>\n\n\n\n<p>Als Nutzer k\u00f6nnen Sie ein Design \u00e4ndern oder ein neues hinzuf\u00fcgen, Ihre Liefer- und\/oder Rechnungsadresse \u00e4ndern oder die Bestellung stornieren, solange diese noch nicht in den Produktionsprozess eingetreten ist.<\/p>\n\n\n\n<p>Dazu m\u00fcssen Sie eine E-Mail senden an\u00a0<a href=\"mailto:info@kiemmi.com\">info@craftjw.com<\/a>, Bitte geben Sie Ihre Bestellnummer an. Wir informieren Sie nach Pr\u00fcfung des Bestellstatus, ob eine \u00c4nderung oder Stornierung m\u00f6glich ist.<\/p>\n\n\n\n<p>Als Kunde haben Sie ab Erhalt Ihrer Bestellung 14 Kalendertage Zeit, Ihren Kauf zu widerrufen und die Ware zur\u00fcckzusenden, sofern es sich nicht um ein personalisiertes Produkt handelt, das nach Kundenwunsch angefertigt wurde. Personalisierte Produkte sind vom Umtausch und der R\u00fcckgabe ausgeschlossen.<\/p>\n\n\n\n<p>Kundenspezifische Produkte k\u00f6nnen hinsichtlich Farbe, Gewicht, Textur, Material, Gr\u00f6\u00dfe oder Design geringf\u00fcgig abweichen, erf\u00fcllen aber stets den Zweck und die urspr\u00fcngliche Idee, die auf unserer Website dargestellt ist. Sie sind verpflichtet, Craftjw-Produkte mit gr\u00f6\u00dfter Sorgfalt zu behandeln und sicherzustellen, dass sie unbenutzt sind und keinen ungeeigneten oder sch\u00e4dlichen Bedingungen ausgesetzt waren. Vermeiden Sie jegliche Handhabung, die ihren Zustand beeintr\u00e4chtigen k\u00f6nnte. Bis zur Pr\u00fcfung durch uns bei Kiemmi sind Sie f\u00fcr die ordnungsgem\u00e4\u00dfe Lagerung verantwortlich, falls Sie die Produkte zur\u00fccksenden oder einen Anspruch geltend machen m\u00f6chten.<\/p>\n\n\n\n<p>Der Kunde tr\u00e4gt die Kosten f\u00fcr den R\u00fcckversand. Um eine R\u00fccksendung einzuleiten, senden Sie bitte eine E-Mail an\u00a0<a href=\"mailto:info@kiemmi.co\">info@craftjw.com<\/a>\u00a0Ich beantrage eine R\u00fcckerstattung f\u00fcr meine Bestellung.<\/p>\n\n\n\n<p>Sobald der Artikel zur\u00fcckgesendet und wir seinen fehlerhaften Zustand \u00fcberpr\u00fcft haben, erstatten wir Ihnen den Kaufpreis inklusive der urspr\u00fcnglichen Versandkosten f\u00fcr den Standardversand. Sollte die R\u00fccksendung auf einen Fehler unsererseits zur\u00fcckzuf\u00fchren sein, \u00fcbernimmt Craftjw die R\u00fccksendekosten. Andernfalls tragen Sie die Kosten f\u00fcr die R\u00fccksendung.<\/p>\n\n\n\n<p>Wir erstatten Ihnen den Betrag innerhalb von vierzehn (14) Tagen nach Erhalt des zur\u00fcckgesendeten Produkts auf demselben Zahlungsweg, den Sie f\u00fcr den Kauf verwendet haben.<\/p>\n\n\n\n<h3 class=\"wp-block-heading\" id=\"6-propiedad-intelectual\">6. Geistiges Eigentum<\/h3>\n\n\n\n<p>Wir behalten uns alle geistigen und gewerblichen Eigentumsrechte an den Inhalten der Craftjw-Website vor, insbesondere an Texten, Bildern, Grafiken, Marken, Navigationsstruktur, Informationen und Inhalten. Wir besitzen ausschlie\u00dflich die Rechte zur Verwertung dieser Elemente in jeglicher Form, insbesondere die Rechte zur Vervielf\u00e4ltigung, Verbreitung, \u00f6ffentlichen Wiedergabe und Bearbeitung gem\u00e4\u00df spanischem Urheberrecht.<\/p>\n\n\n\n<p>Wenn Sie als Nutzer ein Produkt auf der Kiemmi-Website mit einem von Ihnen bereitgestellten Bild personalisieren, das nicht aus dem Bildkatalog von Craftjw stammt, m\u00fcssen Sie garantieren, dass Sie \u00fcber alle erforderlichen Rechte an geistigem und gewerblichem Eigentum sowie \u00fcber alle Bild- und Pers\u00f6nlichkeitsrechte nat\u00fcrlicher oder juristischer Personen verf\u00fcgen, die f\u00fcr die Nutzung des Bildes in der von Ihnen gew\u00fcnschten Weise erforderlich sind. Dar\u00fcber hinaus gew\u00e4hren Sie uns als Nutzer eine eingeschr\u00e4nkte Lizenz zur Vervielf\u00e4ltigung, Weitergabe, Verbreitung und Bearbeitung des von Ihnen bereitgestellten Bildes f\u00fcr die von Ihnen bestellten personalisierten Produkte. Diese Lizenz erlischt mit der Herstellung und dem Versand des Produkts an Ihre Lieferadresse.<\/p>\n\n\n\n<p>Sie stellen Craftjw von jeglicher Haftung f\u00fcr Anspr\u00fcche Dritter frei, die sich aus der unrechtm\u00e4\u00dfigen oder kriminellen Verwendung von Bildern ergeben, die dem geistigen oder gewerblichen Eigentum unterliegen, oder aus Bild- oder Datenschutzrechten nat\u00fcrlicher Personen in personalisierten Produkten \u00fcber unsere Websites.<\/p>\n\n\n\n<h3 class=\"wp-block-heading\" id=\"7-quejas-y-reclamaciones\">7. Beschwerden und Anspr\u00fcche<\/h3>\n\n\n\n<p>Als Kunde k\u00f6nnen Sie sich jederzeit an uns wenden.\u00a0<a href=\"mailto:info@kiemmi.com\">info@craftjw.com<\/a>\u00a0Um eine Beschwerde, einen Vorschlag oder eine Reklamation im Zusammenhang mit unseren Dienstleistungen einzureichen, geben Sie bitte Ihre Rechnungs- oder Bestellnummer an, um die Bearbeitung zu beschleunigen. Wir verpflichten uns, Anfragen innerhalb von sieben (7) Werktagen nach Eingang zu beantworten. Betrifft die Beschwerde ein Produkt, das nicht von Kiemmi hergestellt wurde, kann sich diese Frist verl\u00e4ngern, um uns Zeit f\u00fcr die Kontaktaufnahme mit dem Hersteller zu geben.<\/p>\n\n\n\n<p>Beschwerden oder Reklamationen bez\u00fcglich Bestellungen k\u00f6nnen nicht mehr eingereicht werden, sobald sieben (7) Tage seit der tats\u00e4chlichen Lieferung vergangen sind.<\/p>\n\n\n\n<h3 class=\"wp-block-heading\" id=\"8-derechos-de-camaloon\">8. Craftjw-Rechte<\/h3>\n\n\n\n<h4 class=\"wp-block-heading\" id=\"8-1-monitorizacion\">8.1 \u00dcberwachung<\/h4>\n\n\n\n<p>Bei Craftjwnos behalten wir uns das Recht vor (sind aber nicht dazu verpflichtet), alle Transaktionen und Kommunikationen auf unserer Website zu \u00fcberwachen. Sollten wir nach unserem alleinigen Ermessen der Ansicht sein, dass ein Nutzer oder Kunde gegen diese Allgemeinen Nutzungs- und Verkaufsbedingungen versto\u00dfen hat oder versto\u00dfen k\u00f6nnte oder dass eine Transaktion oder Kommunikation unangemessen ist, k\u00f6nnen wir den Zugang dieses Nutzers ohne M\u00f6glichkeit zuk\u00fcnftiger Regressanspr\u00fcche sperren oder einschr\u00e4nken.<\/p>\n\n\n\n<h4 class=\"wp-block-heading\" id=\"8-2-modificacion-del-servicio\">8.2 Service\u00e4nderung<\/h4>\n\n\n\n<p>Bei Craftjw behalten wir uns das Recht vor, Layout, Organisation und Erscheinungsbild unserer Website sowie der von uns angebotenen Dienstleistungen zu \u00e4ndern. Wir k\u00f6nnen jeden Aspekt unserer Dienstleistungen und\/oder Preise ohne vorherige Ank\u00fcndigung oder die M\u00f6glichkeit eines Rechtsbehelfs \u00e4ndern oder aussetzen.<\/p>\n\n\n\n<h4 class=\"wp-block-heading\" id=\"8-3-cancelacion-del-contrato\">8.3 K\u00fcndigung des Vertrags<\/h4>\n\n\n\n<p>Bei Craftjw behalten wir uns das Recht vor, nach eigenem Ermessen und mit oder ohne vorherige Ank\u00fcndigung Folgendes zu tun:<\/p>\n\n\n\n<ul class=\"wp-block-list\">\n<li>Die Nutzung von Craftjw f\u00fcr einen bestimmten Benutzer kann eingeschr\u00e4nkt oder gesperrt werden, ebenso wie ein Konto vollst\u00e4ndig geschlossen oder der Zugriff auf unsere Webseiten gesperrt werden kann.<\/li>\n\n\n\n<li>Die Produktion jeglicher Bestellung, die Bilder enth\u00e4lt, die eine Straftat darstellen, die Rechte Dritter verletzen, anst\u00f6\u00dfig oder geschmacklos sind, gewaltt\u00e4tige, missbr\u00e4uchliche, extrem radikale politische, sektiererische oder gegen grundlegende Menschenrechte versto\u00dfende Botschaften beinhalten, wird blockiert oder storniert.<\/li>\n\n\n\n<li>Die Produktion jeder Bestellung, die nach \u00dcberpr\u00fcfung Fehler in den Entw\u00fcrfen, in der Preiskalkulation usw. aufweist oder keine ausreichende Garantie f\u00fcr das Endergebnis bietet, wird blockiert oder storniert.<\/li>\n\n\n\n<li>Melden Sie jeglichen Missbrauch oder Betrug, der auf unseren Webseiten stattgefunden hat, den zust\u00e4ndigen Beh\u00f6rden.<\/li>\n\n\n\n<li>Wir entfernen alle Inhalte, die wir f\u00fcr unangemessen halten, von den Servern und Verzeichnissen von Craftjw, sowie alle Inhalte, die von einem Benutzer vorgeschlagen wurden.<\/li>\n\n\n\n<li>Den Verkauf bestimmter Produkte oder in anderen W\u00e4hrungen als dem Euro (\u20ac) einstellen.<\/li>\n\n\n\n<li>Wir k\u00f6nnen den Service nach eigenem Ermessen einstellen oder ihn nur noch eingeschr\u00e4nkt anbieten.<\/li>\n<\/ul>\n\n\n\n<h3 class=\"wp-block-heading\" id=\"9-politica-de-enlaces\">9. Linkrichtlinie<\/h3>\n\n\n\n<p>Bei Craftjw \u00fcbernehmen wir keine Verantwortung f\u00fcr Websites oder Dateien, die \u00fcber Hyperlinks in unseren Inhalten erreichbar sind. Die Verantwortung liegt bei den jeweiligen Betreibern. Daher unterst\u00fctzen oder \u00fcbernehmen wir weder die Produkte, Dienstleistungen, Inhalte, Informationen, Daten, Dateien noch sonstige Materialien, die auf solchen Websites oder in solchen Dateien zu finden sind, und wir kontrollieren oder \u00fcbernehmen keine Verantwortung f\u00fcr die Qualit\u00e4t, Rechtm\u00e4\u00dfigkeit, Zuverl\u00e4ssigkeit oder N\u00fctzlichkeit der Informationen, Inhalte und Dienstleistungen auf verlinkten externen Seiten.<\/p>\n\n\n\n<p>Wenn dies als angemessen erachtet wird, oder wenn eine zust\u00e4ndige Beh\u00f6rde die Daten f\u00fcr rechtswidrig erkl\u00e4rt und deren Entfernung anordnet oder den Zugriff darauf verhindert, oder wenn das Vorliegen einer Verletzung festgestellt wurde und wir ausdr\u00fccklich \u00fcber die entsprechende Entscheidung informiert wurden, w\u00fcrden wir die angegebenen Links unverz\u00fcglich entfernen.<\/p>\n\n\n\n<h3 class=\"wp-block-heading\" id=\"10-limitacion-de-responsabilidad\">10. Haftungsbeschr\u00e4nkung<\/h3>\n\n\n\n<p>Wir \u00fcbernehmen keine Haftung f\u00fcr Sch\u00e4den jeglicher Art, die durch die Nichtverf\u00fcgbarkeit oder Unterbrechung unserer Websites entstehen. Ebenso \u00fcbernehmen wir keine Haftung f\u00fcr Sch\u00e4den, die durch Missbrauch oder unsachgem\u00e4\u00dfe Verwendung unserer Produkte entstehen.<\/p>\n\n\n\n<h3 class=\"wp-block-heading\" id=\"11-cambios-en-las-presentes-condiciones-generales-de-uso-y-venta\">11. \u00c4nderungen dieser Allgemeinen Nutzungs- und Verkaufsbedingungen<\/h3>\n\n\n\n<p>Wir behalten uns das Recht vor, jeden Aspekt dieser Allgemeinen Nutzungs- und Verkaufsbedingungen zu \u00e4ndern, einschlie\u00dflich unserer Preise, akzeptierten Designs oder unzul\u00e4ssiger Inhalte.<\/p>\n\n\n\n<h3 class=\"wp-block-heading\" id=\"12-legislacion-aplicable-y-jurisdiccion-competente\">12. Anwendbares Recht und zust\u00e4ndige Gerichtsbarkeit<\/h3>\n\n\n\n<p>Diese Allgemeinen Nutzungs- und Verkaufsbedingungen unterliegen spanischem Recht.<\/p>\n\n\n\n<p>Wenn eine Person einen Kauf von Produkten t\u00e4tigt, vereinbaren die Parteien zur Beilegung m\u00f6glicher Streitigkeiten, sich der durch Verordnung festgelegten Verbraucherschlichtungsstelle zu unterwerfen und verzichten auf die Geltendmachung jeglicher anderer ihnen zustehender Gerichtsbarkeit.<\/p>\n\n\n\n<p>Wenn ein Unternehmen Produkte erwirbt, vereinbaren die Parteien zur Beilegung m\u00f6glicher Streitigkeiten, sich den Gerichten und Schiedsgerichten mit Zust\u00e4ndigkeit in Nules zu unterwerfen und verzichten auf jede andere ihnen zustehende Gerichtsbarkeit.<\/p>","protected":false},"excerpt":{"rendered":"<p>1. Datos identificativos de craftjw.com El prestador del servicio del sitio web es Emmanuel Kielichowski (en adelante, &#8220;Craftjw&#8221;), con VAT [&hellip;]<\/p>\n","protected":false},"author":4,"featured_media":0,"parent":0,"menu_order":0,"comment_status":"closed","ping_status":"closed","template":"","meta":{"_seopress_robots_primary_cat":"","_seopress_titles_title":"","_seopress_titles_desc":"","_seopress_robots_index":"yes","site-sidebar-layout":"default","site-content-layout":"","ast-site-content-layout":"default","site-content-style":"default","site-sidebar-style":"default","ast-global-header-display":"","ast-banner-title-visibility":"","ast-main-header-display":"","ast-hfb-above-header-display":"","ast-hfb-below-header-display":"","ast-hfb-mobile-header-display":"","site-post-title":"","ast-breadcrumbs-content":"","ast-featured-img":"","footer-sml-layout":"","ast-disable-related-posts":"","theme-transparent-header-meta":"","adv-header-id-meta":"","stick-header-meta":"","header-above-stick-meta":"","header-main-stick-meta":"","header-below-stick-meta":"","astra-migrate-meta-layouts":"default","ast-page-background-enabled":"default","ast-page-background-meta":{"desktop":{"background-color":"var(--ast-global-color-5)","background-image":"","background-repeat":"repeat","background-position":"center center","background-size":"auto","background-attachment":"scroll","background-type":"","background-media":"","overlay-type":"","overlay-color":"","overlay-opacity":"","overlay-gradient":""},"tablet":{"background-color":"","background-image":"","background-repeat":"repeat","background-position":"center center","background-size":"auto","background-attachment":"scroll","background-type":"","background-media":"","overlay-type":"","overlay-color":"","overlay-opacity":"","overlay-gradient":""},"mobile":{"background-color":"","background-image":"","background-repeat":"repeat","background-position":"center center","background-size":"auto","background-attachment":"scroll","background-type":"","background-media":"","overlay-type":"","overlay-color":"","overlay-opacity":"","overlay-gradient":""}},"ast-content-background-meta":{"desktop":{"background-color":"var(--ast-global-color-4)","background-image":"","background-repeat":"repeat","background-position":"center center","background-size":"auto","background-attachment":"scroll","background-type":"","background-media":"","overlay-type":"","overlay-color":"","overlay-opacity":"","overlay-gradient":""},"tablet":{"background-color":"var(--ast-global-color-4)","background-image":"","background-repeat":"repeat","background-position":"center center","background-size":"auto","background-attachment":"scroll","background-type":"","background-media":"","overlay-type":"","overlay-color":"","overlay-opacity":"","overlay-gradient":""},"mobile":{"background-color":"var(--ast-global-color-4)","background-image":"","background-repeat":"repeat","background-position":"center center","background-size":"auto","background-attachment":"scroll","background-type":"","background-media":"","overlay-type":"","overlay-color":"","overlay-opacity":"","overlay-gradient":""}},"footnotes":""},"class_list":["post-2743","page","type-page","status-publish","hentry"],"_links":{"self":[{"href":"https:\/\/craftjw.com\/de\/wp-json\/wp\/v2\/pages\/2743","targetHints":{"allow":["GET"]}}],"collection":[{"href":"https:\/\/craftjw.com\/de\/wp-json\/wp\/v2\/pages"}],"about":[{"href":"https:\/\/craftjw.com\/de\/wp-json\/wp\/v2\/types\/page"}],"author":[{"embeddable":true,"href":"https:\/\/craftjw.com\/de\/wp-json\/wp\/v2\/users\/4"}],"replies":[{"embeddable":true,"href":"https:\/\/craftjw.com\/de\/wp-json\/wp\/v2\/comments?post=2743"}],"version-history":[{"count":1,"href":"https:\/\/craftjw.com\/de\/wp-json\/wp\/v2\/pages\/2743\/revisions"}],"predecessor-version":[{"id":52858,"href":"https:\/\/craftjw.com\/de\/wp-json\/wp\/v2\/pages\/2743\/revisions\/52858"}],"wp:attachment":[{"href":"https:\/\/craftjw.com\/de\/wp-json\/wp\/v2\/media?parent=2743"}],"curies":[{"name":"wp","href":"https:\/\/api.w.org\/{rel}","templated":true}]}}