{"id":2226,"date":"2020-07-25T11:07:48","date_gmt":"2020-07-25T11:07:48","guid":{"rendered":"https:\/\/www.tks3d.com\/?page_id=2226"},"modified":"2026-04-01T08:53:48","modified_gmt":"2026-04-01T06:53:48","slug":"cookie-richtlinie","status":"publish","type":"page","link":"https:\/\/craftjw.com\/de\/politica-de-cookies\/","title":{"rendered":"Cookie-Richtlinie"},"content":{"rendered":"<p>In \u00dcbereinstimmung mit den Bestimmungen von Artikel 22.2 des Gesetzes 34\/2002 vom 11. Juli \u00fcber Dienste der Informationsgesellschaft und des elektronischen Gesch\u00e4ftsverkehrs informiert Sie diese Website in diesem Abschnitt \u00fcber die&nbsp;<strong>Richtlinie zur Erfassung und Verarbeitung von Cookies<\/strong>.<\/p>\n\n\n\n<h4 class=\"wp-block-heading\">Was sind Cookies?<\/h4>\n\n\n\n<p>Ein Cookie ist eine Datei, die beim Besuch bestimmter Webseiten auf Ihren Computer heruntergeladen wird. Cookies erm\u00f6glichen es einer Webseite unter anderem, Informationen \u00fcber das Surfverhalten eines Nutzers oder dessen Ger\u00e4t zu speichern und abzurufen. Je nach den enthaltenen Informationen und Ihrer Ger\u00e4tenutzung k\u00f6nnen sie dazu verwendet werden, den Nutzer wiederzuerkennen.<\/p>\n\n\n\n<h4 class=\"wp-block-heading\">Arten von Cookies und ihr Zweck<\/h4>\n\n\n\n<p>Beim Besuch dieser Website werden Session-Cookies, permanente Cookies, Analyse-Cookies und Personalisierungs-Cookies verwendet:<\/p>\n\n\n\n<p><strong>Sitzungscookies:<\/strong>&nbsp;Diese Cookies dienen dazu, Daten zu erfassen und zu speichern, w\u00e4hrend ein Nutzer eine Website besucht. Sie werden typischerweise verwendet, um Informationen zu speichern, die nur f\u00fcr die einmalige Bereitstellung des vom Nutzer angeforderten Dienstes erforderlich sind.<\/p>\n\n\n\n<p><strong>Permanente Cookies:<\/strong>&nbsp;Es handelt sich um eine Art Cookie, bei dem die Daten auf dem Endger\u00e4t gespeichert bleiben und f\u00fcr einen vom Cookie-Inhaber festgelegten Zeitraum abgerufen und verarbeitet werden k\u00f6nnen, der von wenigen Minuten bis zu mehreren Jahren reichen kann.<\/p>\n\n\n\n<p><strong>Analyse-Cookies<\/strong>Hierbei handelt es sich um Cookies, die, sofern sie von uns oder Dritten ordnungsgem\u00e4\u00df verarbeitet werden, es uns erm\u00f6glichen, die Anzahl der Nutzer zu ermitteln und somit statistische Analysen zur Nutzung des angebotenen Dienstes durchzuf\u00fchren. Dies beinhaltet die Analyse Ihrer Aktivit\u00e4ten auf unserer Website, um die von uns angebotenen Produkte und Dienstleistungen zu verbessern.<\/p>\n\n\n\n<p><strong>Personalisierungs-Cookies<\/strong>Hierbei handelt es sich um solche, die dem Benutzer den Zugriff auf den Dienst mit einigen vordefinierten allgemeinen Merkmalen erm\u00f6glichen, die auf einer Reihe von Kriterien im Endger\u00e4t des Benutzers basieren, wie z. B. der Sprache oder dem Browsertyp, \u00fcber den er sich mit dem Dienst verbindet.<\/p>\n\n\n\n<h4 class=\"wp-block-heading\">Aktualisierungen und \u00c4nderungen der Cookie-Richtlinie<\/h4>\n\n\n\n<p>KIEMMI beh\u00e4lt sich das Recht vor, diese Cookie-Richtlinie aufgrund neuer gesetzlicher oder beh\u00f6rdlicher Vorgaben oder zur Anpassung an die Vorgaben der spanischen Datenschutzbeh\u00f6rde zu \u00e4ndern.<\/p>\n\n\n\n<p>Wenn Sie mehr Informationen dar\u00fcber w\u00fcnschen, wie wir Cookies verwenden, k\u00f6nnen Sie uns eine E-Mail an info@tekniservice.com senden.<\/p>","protected":false},"excerpt":{"rendered":"<p>En cumplimiento con lo dispuesto en el art\u00edculo 22.2 de la Ley 34\/2002, de 11 de julio, de Servicios de [&hellip;]<\/p>\n","protected":false},"author":4,"featured_media":0,"parent":0,"menu_order":0,"comment_status":"closed","ping_status":"closed","template":"","meta":{"_seopress_robots_primary_cat":"0","_seopress_titles_title":"","_seopress_titles_desc":"","_seopress_robots_index":"yes","site-sidebar-layout":"default","site-content-layout":"","ast-site-content-layout":"default","site-content-style":"default","site-sidebar-style":"default","ast-global-header-display":"","ast-banner-title-visibility":"","ast-main-header-display":"","ast-hfb-above-header-display":"","ast-hfb-below-header-display":"","ast-hfb-mobile-header-display":"","site-post-title":"","ast-breadcrumbs-content":"","ast-featured-img":"","footer-sml-layout":"","ast-disable-related-posts":"","theme-transparent-header-meta":"","adv-header-id-meta":"","stick-header-meta":"","header-above-stick-meta":"","header-main-stick-meta":"","header-below-stick-meta":"","astra-migrate-meta-layouts":"default","ast-page-background-enabled":"default","ast-page-background-meta":{"desktop":{"background-color":"var(--ast-global-color-5)","background-image":"","background-repeat":"repeat","background-position":"center center","background-size":"auto","background-attachment":"scroll","background-type":"","background-media":"","overlay-type":"","overlay-color":"","overlay-opacity":"","overlay-gradient":""},"tablet":{"background-color":"","background-image":"","background-repeat":"repeat","background-position":"center center","background-size":"auto","background-attachment":"scroll","background-type":"","background-media":"","overlay-type":"","overlay-color":"","overlay-opacity":"","overlay-gradient":""},"mobile":{"background-color":"","background-image":"","background-repeat":"repeat","background-position":"center center","background-size":"auto","background-attachment":"scroll","background-type":"","background-media":"","overlay-type":"","overlay-color":"","overlay-opacity":"","overlay-gradient":""}},"ast-content-background-meta":{"desktop":{"background-color":"var(--ast-global-color-4)","background-image":"","background-repeat":"repeat","background-position":"center center","background-size":"auto","background-attachment":"scroll","background-type":"","background-media":"","overlay-type":"","overlay-color":"","overlay-opacity":"","overlay-gradient":""},"tablet":{"background-color":"var(--ast-global-color-4)","background-image":"","background-repeat":"repeat","background-position":"center center","background-size":"auto","background-attachment":"scroll","background-type":"","background-media":"","overlay-type":"","overlay-color":"","overlay-opacity":"","overlay-gradient":""},"mobile":{"background-color":"var(--ast-global-color-4)","background-image":"","background-repeat":"repeat","background-position":"center center","background-size":"auto","background-attachment":"scroll","background-type":"","background-media":"","overlay-type":"","overlay-color":"","overlay-opacity":"","overlay-gradient":""}},"footnotes":""},"class_list":["post-2226","page","type-page","status-publish","hentry"],"_links":{"self":[{"href":"https:\/\/craftjw.com\/de\/wp-json\/wp\/v2\/pages\/2226","targetHints":{"allow":["GET"]}}],"collection":[{"href":"https:\/\/craftjw.com\/de\/wp-json\/wp\/v2\/pages"}],"about":[{"href":"https:\/\/craftjw.com\/de\/wp-json\/wp\/v2\/types\/page"}],"author":[{"embeddable":true,"href":"https:\/\/craftjw.com\/de\/wp-json\/wp\/v2\/users\/4"}],"replies":[{"embeddable":true,"href":"https:\/\/craftjw.com\/de\/wp-json\/wp\/v2\/comments?post=2226"}],"version-history":[{"count":1,"href":"https:\/\/craftjw.com\/de\/wp-json\/wp\/v2\/pages\/2226\/revisions"}],"predecessor-version":[{"id":53041,"href":"https:\/\/craftjw.com\/de\/wp-json\/wp\/v2\/pages\/2226\/revisions\/53041"}],"wp:attachment":[{"href":"https:\/\/craftjw.com\/de\/wp-json\/wp\/v2\/media?parent=2226"}],"curies":[{"name":"wp","href":"https:\/\/api.w.org\/{rel}","templated":true}]}}