{"id":1777,"date":"2020-07-24T07:11:47","date_gmt":"2020-07-24T07:11:47","guid":{"rendered":"https:\/\/www.tks3d.com\/?page_id=3"},"modified":"2026-04-01T08:53:54","modified_gmt":"2026-04-01T06:53:54","slug":"datenschutzrichtlinie","status":"publish","type":"page","link":"https:\/\/craftjw.com\/de\/politica-de-privacidad\/","title":{"rendered":"Datenschutzrichtlinie"},"content":{"rendered":"<h3 class=\"wp-block-heading\" id=\"reglamento-europeo-de-proteccion-de-datos-rgpd\">Europ\u00e4ische Datenschutzgrundverordnung (DSGVO)<\/h3>\n\n\n\n<p>Wir weisen ausdr\u00fccklich darauf hin, dass sich dieser Abschnitt ausschlie\u00dflich auf die Verarbeitung der \u00fcber diese Website bereitgestellten personenbezogenen Daten durch Emmanuel Kielichowski (nachfolgend KIEMMI) bezieht. Diese Daten werden in die von uns angegebenen Dateien aufgenommen und entsprechen den Bestimmungen der geltenden Gesetzgebung zum Schutz personenbezogener Daten (VERORDNUNG (EU) 2016\/679 DES EUROP\u00c4ISCHEN PARLAMENTS UND DES RATES vom 27. April 2016 zum Schutz nat\u00fcrlicher Personen bei der Verarbeitung personenbezogener Daten, zum freien Datenverkehr und in der am 25. Mai 2018 in Kraft getretenen DSGVO sowie den spanischen Ausf\u00fchrungsbestimmungen).<\/p>\n\n\n\n<h3 class=\"wp-block-heading\" id=\"conceptos\">Konzepte<\/h3>\n\n\n\n<p>Definitionen, die wir in dieser Datenschutzrichtlinie verwenden:<\/p>\n\n\n\n<ul class=\"wp-block-list\"><li>KIEMMI: Die Person Emmanuel Kielichowski, dem diese Website geh\u00f6rt.<\/li><li>WEB: Bezieht sich auf diese Website (www.kiemmi.com).<\/li><li>WEB-BENUTZER: Nutzer der Website www.kiemmi.com<\/li><li>KUNDE: Nutzer, der die Dienstleistungen von KIEMMI in Anspruch genommen hat.<\/li><li>PARTNER: KIEMMI-Mitarbeiter.<\/li><\/ul>\n\n\n\n<h3 class=\"wp-block-heading\" id=\"responsable-del-tratamiento-de-los-datos-personales\">Verantwortlich f\u00fcr die Verarbeitung personenbezogener Daten<\/h3>\n\n\n\n<p>Inhaber der Website www.kiemmi.com ist Emmanuel Kielichowski, mit der australischen Steuernummer (NIE) X2878559V, Firmensitz: C\/ Claveles, 4 \u2013 12600 Vall de Ux\u00f3, Castell\u00f3n, und E-Mail-Adresse: info@kiemmi.com<\/p>\n\n\n\n<p>In \u00dcbereinstimmung mit der DSGVO informieren wir Sie dar\u00fcber, dass die von Ihnen angegebenen Daten sowie Daten, die aus Ihrem Surfverhalten abgeleitet werden, von KIEMI als Datenverantwortlichem verarbeitet und gesch\u00fctzt werden und zum Zweck der Bearbeitung Ihrer Anfrage und der Aufrechterhaltung der in dem von Ihnen unterzeichneten oder unterzeichneten Vertrag mit uns begr\u00fcndeten Beziehung verarbeitet werden.<\/p>\n\n\n\n<h3 class=\"wp-block-heading\" id=\"principios-que-aplicamos-en-el-tratamiento-de-datos-personales\">Grunds\u00e4tze, die wir bei der Verarbeitung personenbezogener Daten anwenden<\/h3>\n\n\n\n<p>Gem\u00e4\u00df Kapitel II der DSGVO und den Verhaltensregeln f\u00fcr die Verarbeitung personenbezogener Daten wenden unser Unternehmen und unsere Verfahren die folgenden Grunds\u00e4tze bei der Verarbeitung personenbezogener Daten an, um die Rechte und Freiheiten der Nutzer zu wahren:<\/p>\n\n\n\n<ul class=\"wp-block-list\"><li><strong>Mindestdaten:<\/strong>&nbsp;Wir werden nur die minimal erforderlichen Daten f\u00fcr jeden Verarbeitungszweck und jede Kategorie von betroffenen Personen erheben und verarbeiten.<\/li><li><strong>Rechtm\u00e4\u00dfigkeit und Transparenz:<\/strong> Bei der Verarbeitung Ihrer Daten verf\u00fcgen wir stets \u00fcber eine rechtm\u00e4\u00dfige Grundlage: Der Kunde hat unsere Dienstleistungen in Anspruch genommen, der Nutzer hat seine Daten \u00fcber das Kontaktformular \u00fcbermittelt usw., und in allen F\u00e4llen wurde der Vertrag formalisiert oder die Einwilligung erteilt. Die Datenverarbeitung erfolgt stets zu den in diesem Dokument beschriebenen Zwecken.<\/li><li><strong>Beschr\u00e4nkung der Lagerdauer:<\/strong>&nbsp;Wir speichern die Daten nur so lange wie unbedingt n\u00f6tig, es sei denn, Sie fordern deren L\u00f6schung vorher an.<\/li><li><strong>Vertraulichkeit und Integrit\u00e4t:<\/strong>&nbsp;Wir garantieren angemessene Sicherheitsma\u00dfnahmen f\u00fcr personenbezogene Daten und deren Vertraulichkeit.<\/li><\/ul>\n\n\n\n<h3 class=\"wp-block-heading\" id=\"veracidad-y-exactitud-de-los-datos-personales-facilitados\">Wahrhaftigkeit und Genauigkeit der bereitgestellten personenbezogenen Daten<\/h3>\n\n\n\n<p>Der Webnutzer, Kunde oder Partner, dessen Daten vom Unternehmen verarbeitet werden, garantiert, dass die angegebenen Daten wahrheitsgem\u00e4\u00df und korrekt sind.<\/p>\n\n\n\n<p>Wenn Sie personenbezogene Daten einer anderen Person angegeben haben, garantieren Sie, dass diese Person uns die Erlaubnis erteilt und ihre Einwilligung zur \u00dcbermittlung dieser Daten gegeben hat, und dass Sie alle Verantwortlichkeiten \u00fcbernehmen, die sich aus der Nutzung und Verarbeitung dieser Daten ergeben, wenn Sie nicht \u00fcber eine solche Erlaubnis verf\u00fcgen.<\/p>\n\n\n\n<p>Bitte beachten Sie, dass Sie die alleinige Quelle f\u00fcr Informationen zu Ihren personenbezogenen Daten sind. Um Ihre Daten gem\u00e4\u00df Kapitel II der DSGVO stets aktuell zu halten, bitten wir Sie, unseren Datenschutzbeauftragten \u00fcber jegliche \u00c4nderungen Ihrer Daten per E-Mail an info@kiemmi.com zu informieren.<\/p>\n\n\n\n<p>Die betroffene Person kann die bereitgestellten Daten jederzeit gem\u00e4\u00df ihren Rechten auf Auskunft, Berichtigung, L\u00f6schung, Widerspruch, Einschr\u00e4nkung und Daten\u00fcbertragbarkeit \u00e4ndern oder l\u00f6schen.<\/p>\n\n\n\n<h3 class=\"wp-block-heading\" id=\"menores-de-edad\">Minderj\u00e4hrige<\/h3>\n\n\n\n<p>Die Website www.kiemmi.com richtet sich nicht an Minderj\u00e4hrige. Alle Website-Nutzer, Kunden und Partner der Website und der angebotenen Dienstleistungen m\u00fcssen vollj\u00e4hrig sein. Andernfalls ist der Vertrag zwischen KIEMMI und dem betreffenden Nutzer oder Kunden nichtig, und wir \u00fcbernehmen keinerlei Haftung f\u00fcr etwaige Folgen der Nichteinhaltung dieser Bestimmung.<\/p>\n\n\n\n<h3 class=\"wp-block-heading\" id=\"encargados-del-tratamiento\">Die f\u00fcr die Behandlung Verantwortlichen<\/h3>\n\n\n\n<p>KIEMMI ben\u00f6tigt f\u00fcr bestimmte Dienstleistungen Kooperationspartner. Wenn diese anderen Unternehmen im Rahmen der Erbringung dieser Dienstleistungen Daten verarbeiten, werden sie gesetzlich als Auftragsverarbeiter bezeichnet.<\/p>\n\n\n\n<p>Zur Erbringung unserer Dienstleistungen nutzen wir externe Anbieter innerhalb der EU\/des EWR als Unterauftragnehmer, die alle Verpflichtungen und Anforderungen dieser Datenschutzrichtlinie einhalten.<\/p>\n\n\n\n<p>Folgende Lieferanten sind aufgef\u00fchrt:<\/p>\n\n\n\n<ul class=\"wp-block-list\"><li>Clouding: Serverdienst<\/li><\/ul>\n\n\n\n<p>Daher garantieren wir, dass diese und andere Subunternehmer, die gegebenenfalls zuk\u00fcnftig eingesetzt werden, alle Verpflichtungen und Anforderungen dieser Datenschutzrichtlinie erf\u00fcllen und auch zuk\u00fcnftig erf\u00fcllen werden.<\/p>\n\n\n\n<h3 class=\"wp-block-heading\" id=\"cesion-de-datos\">Daten\u00fcbertragung<\/h3>\n\n\n\n<p>Wir garantieren, dass wir die Nutzung Ihrer Daten nicht an Dritte zum Zwecke der Zusendung von Werbung weitergeben und dass wir Ihre Daten nur an die im vorherigen Punkt genannten Datenverantwortlichen und nur zu den jeweils angegebenen Zwecken \u00fcbermitteln.<\/p>\n\n\n\n<p>Daher gibt KIEMMI, wie in Artikel 13 Absatz 1 Buchstabe a) der DSGVO festgelegt, die Daten nicht weiter und hat somit auch keinen Empf\u00e4nger.<\/p>\n\n\n\n<h3 class=\"wp-block-heading\" id=\"derechos-en-el-tratamiento-de-datos-personales\">Rechte bei der Verarbeitung personenbezogener Daten<\/h3>\n\n\n\n<p>In \u00dcbereinstimmung mit den Bestimmungen der DSGVO k\u00f6nnen Sie KIEMMI als Verantwortlichen f\u00fcr die Datenverarbeitung jederzeit im entsprechenden Abschnitt kontaktieren. <strong>Verantwortlich f\u00fcr die Verarbeitung personenbezogener Daten<\/strong> Gem\u00e4\u00df dieser Datenschutzrichtlinie k\u00f6nnen Sie Ihre Rechte auf Auskunft, Berichtigung, L\u00f6schung, Widerspruch, Daten\u00fcbertragbarkeit und Widerruf der Einwilligung bez\u00fcglich Ihrer in unseren Dateien gespeicherten personenbezogenen Daten aus\u00fcben.<\/p>\n\n\n\n<p>A- Recht auf Auskunft \u00fcber personenbezogene Daten: Sie k\u00f6nnen von uns verlangen, ob wir Ihre Daten verarbeiten, welche konkreten Daten dies sind, woher wir diese erhalten haben usw. Artikel 15 der DSGVO.<\/p>\n\n\n\n<p>B. Recht auf Berichtigung (falls die Daten unrichtig sind) oder L\u00f6schung (wenn die personenbezogenen Daten f\u00fcr die Zwecke, f\u00fcr die sie erhoben wurden, nicht mehr erforderlich sind). Artikel 16 DSGVO.<\/p>\n\n\n\n<p>C \u2013 Recht auf Einschr\u00e4nkung oder L\u00f6schung Ihrer Datenverarbeitung; in diesem Fall werden Ihre Daten von uns nur noch zur Geltendmachung oder Verteidigung von Rechtsanspr\u00fcchen gespeichert. Artikel 17 und 18.<\/p>\n\n\n\n<p>D \u2013 Widerspruchsrecht gegen die Verarbeitung: Wir werden die Verarbeitung Ihrer Daten in der von Ihnen angegebenen Weise einstellen, es sei denn, es liegen berechtigte Gr\u00fcnde vor, die eine weitere Verarbeitung erforderlich machen. Artikel 21.<\/p>\n\n\n\n<p>E \u2013 Recht auf Daten\u00fcbertragbarkeit: Wenn Sie w\u00fcnschen, dass Ihre Daten von einem anderen Unternehmen verarbeitet werden, erm\u00f6glichen wir Ihnen die \u00dcbertragung Ihrer Daten an jedes von Ihnen angegebene Unternehmen in einem strukturierten, verst\u00e4ndlichen und automatisierten Format. Artikel 20.<\/p>\n\n\n\n<p>Diese Rechte sind streng pers\u00f6nlich und k\u00f6nnen nur von der betroffenen Person ausge\u00fcbt werden, es sei denn, diese erteilt einer anderen Person eine entsprechende Vollmacht. Der Verantwortliche f\u00fcr die Datenverarbeitung wird jede Anfrage zur Aus\u00fcbung dieser Rechte innerhalb von zehn Tagen nach Eingang der Anfrage beantworten. Ist der Verantwortliche der Ansicht, dass der Anfrage nicht stattgegeben werden kann, wird er die betroffene Person innerhalb der genannten Frist \u00fcber die Gr\u00fcnde hierf\u00fcr informieren.<\/p>\n\n\n\n<p>Wenn Sie der Ansicht sind, dass es ein Problem mit der Art und Weise gibt, wie wir Ihre Daten verarbeiten, und Sie mit der Antwort auf Ihre Anfrage nicht zufrieden sind, k\u00f6nnen Sie eine Beschwerde bei der spanischen Datenschutzbeh\u00f6rde (www.agpd.es) einreichen. Sie k\u00f6nnen sich, falls Sie dies f\u00fcr angemessen halten, auch an die zust\u00e4ndige Justizbeh\u00f6rde wenden.<\/p>\n\n\n\n<h3 class=\"wp-block-heading\" id=\"tiempo-de-conservacion-de-los-datos\">Datenaufbewahrungsdauer<\/h3>\n\n\n\n<p>Gem\u00e4\u00df der in Artikel 13 Absatz 2 Buchstabe a) DSGVO genannten Verpflichtung informieren wir Sie \u00fcber die Aufbewahrungsfristen f\u00fcr personenbezogene Daten im Einzelfall:<\/p>\n\n\n\n<p>Die von KIEMMI verarbeiteten personenbezogenen Daten werden so lange gespeichert, bis der WEB-BENUTZER, KUNDE oder PARTNER uns \u00fcber seinen Wunsch informiert, die Verarbeitung der Daten zu l\u00f6schen.<\/p>\n\n\n\n<h3 class=\"wp-block-heading\" id=\"secreto-y-seguridad-de-los-datos\">Datengeheimnis und Sicherheit<\/h3>\n\n\n\n<p>Gem\u00e4\u00df Artikel 32 der DSGVO informiert KIEMMI Sie dar\u00fcber, dass die erforderlichen technischen und organisatorischen Sicherheitsma\u00dfnahmen implementiert wurden, um alle mit den T\u00e4tigkeiten und Dienstleistungen des Unternehmens verbundenen Risiken zu minimieren und die Sicherheit Ihrer personenbezogenen Daten zu gew\u00e4hrleisten sowie deren Ver\u00e4nderung, Verlust, unbefugte Verarbeitung und\/oder unbefugten Zugriff zu verhindern. Dabei werden der Stand der Technik, die Art der gespeicherten Daten und die damit verbundenen Risiken \u2013 unabh\u00e4ngig davon, ob diese durch menschliches Handeln oder die physische oder nat\u00fcrliche Umgebung bedingt sind \u2013 ber\u00fccksichtigt. KIEMMI \u00fcberwacht, kontrolliert und evaluiert die etablierten Prozesse zur Wahrung Ihrer Privatsph\u00e4re kontinuierlich. Die Daten werden vom Nutzer mittels HTTPS (Hypertext Transfer Protocol Secure) erhoben, einem Sicherheitsprotokoll, das die verschl\u00fcsselte Daten\u00fcbertragung zwischen Webserver und Nutzer erm\u00f6glicht.<\/p>\n\n\n\n<p>KIEMMI hat eine Risikoanalyse der Verarbeitung personenbezogener Daten durchgef\u00fchrt und ist in der Lage, die fortlaufende Vertraulichkeit, Integrit\u00e4t, Verf\u00fcgbarkeit und Belastbarkeit der Verarbeitungssysteme und -dienste zu gew\u00e4hrleisten; die Verf\u00fcgbarkeit und den Zugriff auf personenbezogene Daten im Falle eines physischen oder technischen Vorfalls schnell wiederherzustellen; und einen Prozess der regelm\u00e4\u00dfigen \u00dcberpr\u00fcfung, Bewertung und Beurteilung der Wirksamkeit der technischen und organisatorischen Ma\u00dfnahmen zur Gew\u00e4hrleistung der Sicherheit der Verarbeitung.<\/p>\n\n\n\n<p>Gem\u00e4\u00df Artikel 33 und 34 der DSGVO garantiert KIEMMI, dass im Falle der geringsten Sicherheitsl\u00fccke in den Systemen, die zu einer Verletzung der Sicherheit personenbezogener Daten f\u00fchren k\u00f6nnte, der Datenverantwortliche die spanische Datenschutzbeh\u00f6rde und die betroffenen Parteien innerhalb einer Frist von h\u00f6chstens 72 Stunden benachrichtigt.<\/p>\n\n\n\n<h3 class=\"wp-block-heading\" id=\"hipervinculos\">Hyperlinks<\/h3>\n\n\n\n<p>Obwohl wir auf unserer Website Links zu anderen Websites einf\u00fcgen, die nicht von KIEMMI betrieben oder kontrolliert werden, weisen wir darauf hin, dass wir weder die Rechtm\u00e4\u00dfigkeit, Zuverl\u00e4ssigkeit, N\u00fctzlichkeit, Genauigkeit noch Aktualit\u00e4t der Inhalte dieser Websites garantieren oder daf\u00fcr die Verantwortung \u00fcbernehmen k\u00f6nnen. Bevor Sie Ihre pers\u00f6nlichen Daten an diese externen Websites \u00fcbermitteln, lesen Sie bitte deren Datenschutzbestimmungen und beachten Sie, dass diese von unseren abweichen k\u00f6nnen.<\/p>\n\n\n\n<h3 class=\"wp-block-heading\" id=\"usuarios-y-accesos-restringidos\">Beschr\u00e4nkte Benutzer und Zugriff<\/h3>\n\n\n\n<p>Zum Betreten von Bereichen mit beschr\u00e4nktem Zugang ben\u00f6tigen die Benutzer die entsprechenden Zugangscodes.<br>KIEMMI beh\u00e4lt sich das Recht vor, Registrierungsanfragen von Nutzern nach eigenem Ermessen anzunehmen oder abzulehnen. Die von Nutzern eingegebenen Daten m\u00fcssen korrekt, aktuell und wahrheitsgem\u00e4\u00df sein und werden gem\u00e4\u00df den geltenden Datenschutzbestimmungen verarbeitet und genutzt.<\/p>\n\n\n\n<p>Nutzer sind f\u00fcr die sichere Aufbewahrung ihrer Zugangsdaten verantwortlich und haften allein f\u00fcr alle Sch\u00e4den, die durch deren Missbrauch, Verlust oder sonstige Umst\u00e4nde entstehen, die ein Risiko des unbefugten Zugriffs oder der unbefugten Nutzung durch Dritte darstellen k\u00f6nnten. Nutzer m\u00fcssen KIEMMI unverz\u00fcglich unter der angegebenen Kontaktadresse benachrichtigen, damit wir die Zugangsdaten sperren und ersetzen k\u00f6nnen.<\/p>\n\n\n\n<h3 class=\"wp-block-heading\" id=\"cambios-en-la-politica-de-privacidad\">\u00c4nderungen der Datenschutzrichtlinie<\/h3>\n\n\n\n<p>KIEMMI beh\u00e4lt sich das Recht vor, die Datenschutzrichtlinie nach eigenem Ermessen oder aufgrund von Gesetzes-, Rechtsprechungs- oder Doktrin\u00e4nderungen der spanischen Datenschutzbeh\u00f6rde zu \u00e4ndern. \u00c4nderungen der Datenschutzrichtlinie werden auf unserer Website ver\u00f6ffentlicht.<\/p>","protected":false},"excerpt":{"rendered":"<p>Reglamento europeo de protecci\u00f3n de datos (RGPD) Te informamos expresamente de que este apartado est\u00e1 dirigido exclusivamente al tratamiento de [&hellip;]<\/p>\n","protected":false},"author":4,"featured_media":0,"parent":0,"menu_order":0,"comment_status":"closed","ping_status":"closed","template":"","meta":{"_seopress_robots_primary_cat":"0","_seopress_titles_title":"","_seopress_titles_desc":"","_seopress_robots_index":"yes","site-sidebar-layout":"default","site-content-layout":"","ast-site-content-layout":"default","site-content-style":"default","site-sidebar-style":"default","ast-global-header-display":"","ast-banner-title-visibility":"","ast-main-header-display":"","ast-hfb-above-header-display":"","ast-hfb-below-header-display":"","ast-hfb-mobile-header-display":"","site-post-title":"","ast-breadcrumbs-content":"","ast-featured-img":"","footer-sml-layout":"","ast-disable-related-posts":"","theme-transparent-header-meta":"","adv-header-id-meta":"","stick-header-meta":"","header-above-stick-meta":"","header-main-stick-meta":"","header-below-stick-meta":"","astra-migrate-meta-layouts":"default","ast-page-background-enabled":"default","ast-page-background-meta":{"desktop":{"background-color":"var(--ast-global-color-5)","background-image":"","background-repeat":"repeat","background-position":"center center","background-size":"auto","background-attachment":"scroll","background-type":"","background-media":"","overlay-type":"","overlay-color":"","overlay-opacity":"","overlay-gradient":""},"tablet":{"background-color":"","background-image":"","background-repeat":"repeat","background-position":"center center","background-size":"auto","background-attachment":"scroll","background-type":"","background-media":"","overlay-type":"","overlay-color":"","overlay-opacity":"","overlay-gradient":""},"mobile":{"background-color":"","background-image":"","background-repeat":"repeat","background-position":"center center","background-size":"auto","background-attachment":"scroll","background-type":"","background-media":"","overlay-type":"","overlay-color":"","overlay-opacity":"","overlay-gradient":""}},"ast-content-background-meta":{"desktop":{"background-color":"var(--ast-global-color-4)","background-image":"","background-repeat":"repeat","background-position":"center center","background-size":"auto","background-attachment":"scroll","background-type":"","background-media":"","overlay-type":"","overlay-color":"","overlay-opacity":"","overlay-gradient":""},"tablet":{"background-color":"var(--ast-global-color-4)","background-image":"","background-repeat":"repeat","background-position":"center center","background-size":"auto","background-attachment":"scroll","background-type":"","background-media":"","overlay-type":"","overlay-color":"","overlay-opacity":"","overlay-gradient":""},"mobile":{"background-color":"var(--ast-global-color-4)","background-image":"","background-repeat":"repeat","background-position":"center center","background-size":"auto","background-attachment":"scroll","background-type":"","background-media":"","overlay-type":"","overlay-color":"","overlay-opacity":"","overlay-gradient":""}},"footnotes":""},"class_list":["post-1777","page","type-page","status-publish","hentry"],"_links":{"self":[{"href":"https:\/\/craftjw.com\/de\/wp-json\/wp\/v2\/pages\/1777","targetHints":{"allow":["GET"]}}],"collection":[{"href":"https:\/\/craftjw.com\/de\/wp-json\/wp\/v2\/pages"}],"about":[{"href":"https:\/\/craftjw.com\/de\/wp-json\/wp\/v2\/types\/page"}],"author":[{"embeddable":true,"href":"https:\/\/craftjw.com\/de\/wp-json\/wp\/v2\/users\/4"}],"replies":[{"embeddable":true,"href":"https:\/\/craftjw.com\/de\/wp-json\/wp\/v2\/comments?post=1777"}],"version-history":[{"count":1,"href":"https:\/\/craftjw.com\/de\/wp-json\/wp\/v2\/pages\/1777\/revisions"}],"predecessor-version":[{"id":53042,"href":"https:\/\/craftjw.com\/de\/wp-json\/wp\/v2\/pages\/1777\/revisions\/53042"}],"wp:attachment":[{"href":"https:\/\/craftjw.com\/de\/wp-json\/wp\/v2\/media?parent=1777"}],"curies":[{"name":"wp","href":"https:\/\/api.w.org\/{rel}","templated":true}]}}